{"id":6066,"date":"2022-07-25T11:30:25","date_gmt":"2022-07-25T14:30:25","guid":{"rendered":"https:\/\/peers.com.br\/como-lo-hacemos\/digital-products\/"},"modified":"2025-03-18T20:07:17","modified_gmt":"2025-03-18T23:07:17","slug":"productos-digitales-experiencia","status":"publish","type":"page","link":"https:\/\/peers-old.htc.inf.br\/es\/como-lo-hacemos\/productos-digitales-experiencia\/","title":{"rendered":"Productos Digitales + Experiencia"},"content":{"rendered":"","protected":false},"excerpt":{"rendered":"<p>Soluciones digitales \u00e1giles y estrat\u00e9gicas que conectan negocios y tecnolog\u00eda, creando valor y eficiencia. Aceleramos el \u00e9xito con recorridos digitales que transforman desaf\u00edos en oportunidades.<\/p>\n","protected":false},"author":1,"featured_media":0,"parent":5950,"menu_order":1,"comment_status":"closed","ping_status":"closed","template":"","meta":{"_acf_changed":false,"footnotes":""},"class_list":["post-6066","page","type-page","status-publish","hentry"],"acf":[],"yoast_head":"<!-- This site is optimized with the Yoast SEO plugin v24.7 - https:\/\/yoast.com\/wordpress\/plugins\/seo\/ -->\n<title>Productos Digitales + Experiencia -<\/title>\n<meta name=\"description\" content=\"Descubra como a Peers utiliza solu\u00e7\u00f5es digitais inovadoras para transformar neg\u00f3cios e otimizar processos. Conhe\u00e7a nossas abordagens e ferramentas que impulsionam a efici\u00eancia e a transforma\u00e7\u00e3o digital.\" \/>\n<meta name=\"robots\" content=\"index, follow, max-snippet:-1, max-image-preview:large, max-video-preview:-1\" \/>\n<link rel=\"canonical\" href=\"https:\/\/peers-old.htc.inf.br\/es\/como-lo-hacemos\/productos-digitales-experiencia\/\" \/>\n<meta property=\"og:locale\" content=\"es_ES\" \/>\n<meta property=\"og:type\" content=\"article\" \/>\n<meta property=\"og:title\" content=\"Productos Digitales + Experiencia -\" \/>\n<meta property=\"og:description\" content=\"Descubra como a Peers utiliza solu\u00e7\u00f5es digitais inovadoras para transformar neg\u00f3cios e otimizar processos. Conhe\u00e7a nossas abordagens e ferramentas que impulsionam a efici\u00eancia e a transforma\u00e7\u00e3o digital.\" \/>\n<meta property=\"og:url\" content=\"https:\/\/peers-old.htc.inf.br\/es\/como-lo-hacemos\/productos-digitales-experiencia\/\" \/>\n<meta property=\"article:modified_time\" content=\"2025-03-18T23:07:17+00:00\" \/>\n<meta name=\"twitter:card\" content=\"summary_large_image\" \/>\n<script type=\"application\/ld+json\" class=\"yoast-schema-graph\">{\"@context\":\"https:\/\/schema.org\",\"@graph\":[{\"@type\":\"WebPage\",\"@id\":\"https:\/\/peers-old.htc.inf.br\/es\/como-lo-hacemos\/productos-digitales-experiencia\/\",\"url\":\"https:\/\/peers-old.htc.inf.br\/es\/como-lo-hacemos\/productos-digitales-experiencia\/\",\"name\":\"Productos Digitales + Experiencia -\",\"isPartOf\":{\"@id\":\"https:\/\/peers-old.htc.inf.br\/es\/#website\"},\"datePublished\":\"2022-07-25T14:30:25+00:00\",\"dateModified\":\"2025-03-18T23:07:17+00:00\",\"description\":\"Descubra como a Peers utiliza solu\u00e7\u00f5es digitais inovadoras para transformar neg\u00f3cios e otimizar processos. Conhe\u00e7a nossas abordagens e ferramentas que impulsionam a efici\u00eancia e a transforma\u00e7\u00e3o digital.\",\"breadcrumb\":{\"@id\":\"https:\/\/peers-old.htc.inf.br\/es\/como-lo-hacemos\/productos-digitales-experiencia\/#breadcrumb\"},\"inLanguage\":\"es\",\"potentialAction\":[{\"@type\":\"ReadAction\",\"target\":[\"https:\/\/peers-old.htc.inf.br\/es\/como-lo-hacemos\/productos-digitales-experiencia\/\"]}]},{\"@type\":\"BreadcrumbList\",\"@id\":\"https:\/\/peers-old.htc.inf.br\/es\/como-lo-hacemos\/productos-digitales-experiencia\/#breadcrumb\",\"itemListElement\":[{\"@type\":\"ListItem\",\"position\":1,\"name\":\"In\u00edcio\",\"item\":\"https:\/\/peers-old.htc.inf.br\/es\/\"},{\"@type\":\"ListItem\",\"position\":2,\"name\":\"C\u00f3mo lo hacemos\",\"item\":\"https:\/\/peers-old.htc.inf.br\/es\/como-lo-hacemos\/\"},{\"@type\":\"ListItem\",\"position\":3,\"name\":\"Productos Digitales + Experiencia\"}]},{\"@type\":\"WebSite\",\"@id\":\"https:\/\/peers-old.htc.inf.br\/es\/#website\",\"url\":\"https:\/\/peers-old.htc.inf.br\/es\/\",\"name\":\"\",\"description\":\"A experi\u00eancia \u00e9 o que fica\",\"potentialAction\":[{\"@type\":\"SearchAction\",\"target\":{\"@type\":\"EntryPoint\",\"urlTemplate\":\"https:\/\/peers-old.htc.inf.br\/es\/?s={search_term_string}\"},\"query-input\":{\"@type\":\"PropertyValueSpecification\",\"valueRequired\":true,\"valueName\":\"search_term_string\"}}],\"inLanguage\":\"es\"}]}<\/script>\n<!-- \/ Yoast SEO plugin. -->","yoast_head_json":{"title":"Productos Digitales + Experiencia -","description":"Descubra como a Peers utiliza solu\u00e7\u00f5es digitais inovadoras para transformar neg\u00f3cios e otimizar processos. Conhe\u00e7a nossas abordagens e ferramentas que impulsionam a efici\u00eancia e a transforma\u00e7\u00e3o digital.","robots":{"index":"index","follow":"follow","max-snippet":"max-snippet:-1","max-image-preview":"max-image-preview:large","max-video-preview":"max-video-preview:-1"},"canonical":"https:\/\/peers-old.htc.inf.br\/es\/como-lo-hacemos\/productos-digitales-experiencia\/","og_locale":"es_ES","og_type":"article","og_title":"Productos Digitales + Experiencia -","og_description":"Descubra como a Peers utiliza solu\u00e7\u00f5es digitais inovadoras para transformar neg\u00f3cios e otimizar processos. Conhe\u00e7a nossas abordagens e ferramentas que impulsionam a efici\u00eancia e a transforma\u00e7\u00e3o digital.","og_url":"https:\/\/peers-old.htc.inf.br\/es\/como-lo-hacemos\/productos-digitales-experiencia\/","article_modified_time":"2025-03-18T23:07:17+00:00","twitter_card":"summary_large_image","schema":{"@context":"https:\/\/schema.org","@graph":[{"@type":"WebPage","@id":"https:\/\/peers-old.htc.inf.br\/es\/como-lo-hacemos\/productos-digitales-experiencia\/","url":"https:\/\/peers-old.htc.inf.br\/es\/como-lo-hacemos\/productos-digitales-experiencia\/","name":"Productos Digitales + Experiencia -","isPartOf":{"@id":"https:\/\/peers-old.htc.inf.br\/es\/#website"},"datePublished":"2022-07-25T14:30:25+00:00","dateModified":"2025-03-18T23:07:17+00:00","description":"Descubra como a Peers utiliza solu\u00e7\u00f5es digitais inovadoras para transformar neg\u00f3cios e otimizar processos. Conhe\u00e7a nossas abordagens e ferramentas que impulsionam a efici\u00eancia e a transforma\u00e7\u00e3o digital.","breadcrumb":{"@id":"https:\/\/peers-old.htc.inf.br\/es\/como-lo-hacemos\/productos-digitales-experiencia\/#breadcrumb"},"inLanguage":"es","potentialAction":[{"@type":"ReadAction","target":["https:\/\/peers-old.htc.inf.br\/es\/como-lo-hacemos\/productos-digitales-experiencia\/"]}]},{"@type":"BreadcrumbList","@id":"https:\/\/peers-old.htc.inf.br\/es\/como-lo-hacemos\/productos-digitales-experiencia\/#breadcrumb","itemListElement":[{"@type":"ListItem","position":1,"name":"In\u00edcio","item":"https:\/\/peers-old.htc.inf.br\/es\/"},{"@type":"ListItem","position":2,"name":"C\u00f3mo lo hacemos","item":"https:\/\/peers-old.htc.inf.br\/es\/como-lo-hacemos\/"},{"@type":"ListItem","position":3,"name":"Productos Digitales + Experiencia"}]},{"@type":"WebSite","@id":"https:\/\/peers-old.htc.inf.br\/es\/#website","url":"https:\/\/peers-old.htc.inf.br\/es\/","name":"","description":"A experi\u00eancia \u00e9 o que fica","potentialAction":[{"@type":"SearchAction","target":{"@type":"EntryPoint","urlTemplate":"https:\/\/peers-old.htc.inf.br\/es\/?s={search_term_string}"},"query-input":{"@type":"PropertyValueSpecification","valueRequired":true,"valueName":"search_term_string"}}],"inLanguage":"es"}]}},"_links":{"self":[{"href":"https:\/\/peers-old.htc.inf.br\/es\/wp-json\/wp\/v2\/pages\/6066","targetHints":{"allow":["GET"]}}],"collection":[{"href":"https:\/\/peers-old.htc.inf.br\/es\/wp-json\/wp\/v2\/pages"}],"about":[{"href":"https:\/\/peers-old.htc.inf.br\/es\/wp-json\/wp\/v2\/types\/page"}],"author":[{"embeddable":true,"href":"https:\/\/peers-old.htc.inf.br\/es\/wp-json\/wp\/v2\/users\/1"}],"replies":[{"embeddable":true,"href":"https:\/\/peers-old.htc.inf.br\/es\/wp-json\/wp\/v2\/comments?post=6066"}],"version-history":[{"count":1,"href":"https:\/\/peers-old.htc.inf.br\/es\/wp-json\/wp\/v2\/pages\/6066\/revisions"}],"predecessor-version":[{"id":6099,"href":"https:\/\/peers-old.htc.inf.br\/es\/wp-json\/wp\/v2\/pages\/6066\/revisions\/6099"}],"up":[{"embeddable":true,"href":"https:\/\/peers-old.htc.inf.br\/es\/wp-json\/wp\/v2\/pages\/5950"}],"wp:attachment":[{"href":"https:\/\/peers-old.htc.inf.br\/es\/wp-json\/wp\/v2\/media?parent=6066"}],"curies":[{"name":"wp","href":"https:\/\/api.w.org\/{rel}","templated":true}]}}