{"id":6063,"date":"2024-10-14T18:35:04","date_gmt":"2024-10-14T21:35:04","guid":{"rendered":"https:\/\/peers.com.br\/como-lo-hacemos\/customer-experience\/"},"modified":"2025-03-18T20:05:06","modified_gmt":"2025-03-18T23:05:06","slug":"experiencia-del-cliente","status":"publish","type":"page","link":"https:\/\/peers-old.htc.inf.br\/es\/como-lo-hacemos\/experiencia-del-cliente\/","title":{"rendered":"Experiencia del Cliente"},"content":{"rendered":"","protected":false},"excerpt":{"rendered":"<p>Impulsa el crecimiento y reinventa la experiencia del cliente con un enfoque centrado en el usuario, aprovechando datos y tecnolog\u00eda para optimizar recorridos y mejorar la innovaci\u00f3n y la resiliencia empresarial.<\/p>\n","protected":false},"author":53,"featured_media":0,"parent":5950,"menu_order":1,"comment_status":"closed","ping_status":"closed","template":"","meta":{"_acf_changed":false,"footnotes":""},"class_list":["post-6063","page","type-page","status-publish","hentry"],"acf":[],"yoast_head":"<!-- This site is optimized with the Yoast SEO plugin v24.7 - https:\/\/yoast.com\/wordpress\/plugins\/seo\/ -->\n<title>Experiencia del Cliente -<\/title>\n<meta name=\"description\" content=\"Descubra como a Peers utiliza solu\u00e7\u00f5es digitais inovadoras para transformar neg\u00f3cios e otimizar processos. Conhe\u00e7a nossas abordagens e ferramentas que impulsionam a efici\u00eancia e a transforma\u00e7\u00e3o digital com Customer Experience.\" \/>\n<meta name=\"robots\" content=\"index, follow, max-snippet:-1, max-image-preview:large, max-video-preview:-1\" \/>\n<link rel=\"canonical\" href=\"https:\/\/peers-old.htc.inf.br\/es\/como-lo-hacemos\/experiencia-del-cliente\/\" \/>\n<meta property=\"og:locale\" content=\"es_ES\" \/>\n<meta property=\"og:type\" content=\"article\" \/>\n<meta property=\"og:title\" content=\"Experiencia del Cliente -\" \/>\n<meta property=\"og:description\" content=\"Descubra como a Peers utiliza solu\u00e7\u00f5es digitais inovadoras para transformar neg\u00f3cios e otimizar processos. Conhe\u00e7a nossas abordagens e ferramentas que impulsionam a efici\u00eancia e a transforma\u00e7\u00e3o digital com Customer Experience.\" \/>\n<meta property=\"og:url\" content=\"https:\/\/peers-old.htc.inf.br\/es\/como-lo-hacemos\/experiencia-del-cliente\/\" \/>\n<meta property=\"article:modified_time\" content=\"2025-03-18T23:05:06+00:00\" \/>\n<meta name=\"twitter:card\" content=\"summary_large_image\" \/>\n<script type=\"application\/ld+json\" class=\"yoast-schema-graph\">{\"@context\":\"https:\/\/schema.org\",\"@graph\":[{\"@type\":\"WebPage\",\"@id\":\"https:\/\/peers-old.htc.inf.br\/es\/como-lo-hacemos\/experiencia-del-cliente\/\",\"url\":\"https:\/\/peers-old.htc.inf.br\/es\/como-lo-hacemos\/experiencia-del-cliente\/\",\"name\":\"Experiencia del Cliente -\",\"isPartOf\":{\"@id\":\"https:\/\/peers-old.htc.inf.br\/es\/#website\"},\"datePublished\":\"2024-10-14T21:35:04+00:00\",\"dateModified\":\"2025-03-18T23:05:06+00:00\",\"description\":\"Descubra como a Peers utiliza solu\u00e7\u00f5es digitais inovadoras para transformar neg\u00f3cios e otimizar processos. Conhe\u00e7a nossas abordagens e ferramentas que impulsionam a efici\u00eancia e a transforma\u00e7\u00e3o digital com Customer Experience.\",\"breadcrumb\":{\"@id\":\"https:\/\/peers-old.htc.inf.br\/es\/como-lo-hacemos\/experiencia-del-cliente\/#breadcrumb\"},\"inLanguage\":\"es\",\"potentialAction\":[{\"@type\":\"ReadAction\",\"target\":[\"https:\/\/peers-old.htc.inf.br\/es\/como-lo-hacemos\/experiencia-del-cliente\/\"]}]},{\"@type\":\"BreadcrumbList\",\"@id\":\"https:\/\/peers-old.htc.inf.br\/es\/como-lo-hacemos\/experiencia-del-cliente\/#breadcrumb\",\"itemListElement\":[{\"@type\":\"ListItem\",\"position\":1,\"name\":\"In\u00edcio\",\"item\":\"https:\/\/peers-old.htc.inf.br\/es\/\"},{\"@type\":\"ListItem\",\"position\":2,\"name\":\"C\u00f3mo lo hacemos\",\"item\":\"https:\/\/peers-old.htc.inf.br\/es\/como-lo-hacemos\/\"},{\"@type\":\"ListItem\",\"position\":3,\"name\":\"Experiencia del Cliente\"}]},{\"@type\":\"WebSite\",\"@id\":\"https:\/\/peers-old.htc.inf.br\/es\/#website\",\"url\":\"https:\/\/peers-old.htc.inf.br\/es\/\",\"name\":\"\",\"description\":\"A experi\u00eancia \u00e9 o que fica\",\"potentialAction\":[{\"@type\":\"SearchAction\",\"target\":{\"@type\":\"EntryPoint\",\"urlTemplate\":\"https:\/\/peers-old.htc.inf.br\/es\/?s={search_term_string}\"},\"query-input\":{\"@type\":\"PropertyValueSpecification\",\"valueRequired\":true,\"valueName\":\"search_term_string\"}}],\"inLanguage\":\"es\"}]}<\/script>\n<!-- \/ Yoast SEO plugin. -->","yoast_head_json":{"title":"Experiencia del Cliente -","description":"Descubra como a Peers utiliza solu\u00e7\u00f5es digitais inovadoras para transformar neg\u00f3cios e otimizar processos. Conhe\u00e7a nossas abordagens e ferramentas que impulsionam a efici\u00eancia e a transforma\u00e7\u00e3o digital com Customer Experience.","robots":{"index":"index","follow":"follow","max-snippet":"max-snippet:-1","max-image-preview":"max-image-preview:large","max-video-preview":"max-video-preview:-1"},"canonical":"https:\/\/peers-old.htc.inf.br\/es\/como-lo-hacemos\/experiencia-del-cliente\/","og_locale":"es_ES","og_type":"article","og_title":"Experiencia del Cliente -","og_description":"Descubra como a Peers utiliza solu\u00e7\u00f5es digitais inovadoras para transformar neg\u00f3cios e otimizar processos. Conhe\u00e7a nossas abordagens e ferramentas que impulsionam a efici\u00eancia e a transforma\u00e7\u00e3o digital com Customer Experience.","og_url":"https:\/\/peers-old.htc.inf.br\/es\/como-lo-hacemos\/experiencia-del-cliente\/","article_modified_time":"2025-03-18T23:05:06+00:00","twitter_card":"summary_large_image","schema":{"@context":"https:\/\/schema.org","@graph":[{"@type":"WebPage","@id":"https:\/\/peers-old.htc.inf.br\/es\/como-lo-hacemos\/experiencia-del-cliente\/","url":"https:\/\/peers-old.htc.inf.br\/es\/como-lo-hacemos\/experiencia-del-cliente\/","name":"Experiencia del Cliente -","isPartOf":{"@id":"https:\/\/peers-old.htc.inf.br\/es\/#website"},"datePublished":"2024-10-14T21:35:04+00:00","dateModified":"2025-03-18T23:05:06+00:00","description":"Descubra como a Peers utiliza solu\u00e7\u00f5es digitais inovadoras para transformar neg\u00f3cios e otimizar processos. Conhe\u00e7a nossas abordagens e ferramentas que impulsionam a efici\u00eancia e a transforma\u00e7\u00e3o digital com Customer Experience.","breadcrumb":{"@id":"https:\/\/peers-old.htc.inf.br\/es\/como-lo-hacemos\/experiencia-del-cliente\/#breadcrumb"},"inLanguage":"es","potentialAction":[{"@type":"ReadAction","target":["https:\/\/peers-old.htc.inf.br\/es\/como-lo-hacemos\/experiencia-del-cliente\/"]}]},{"@type":"BreadcrumbList","@id":"https:\/\/peers-old.htc.inf.br\/es\/como-lo-hacemos\/experiencia-del-cliente\/#breadcrumb","itemListElement":[{"@type":"ListItem","position":1,"name":"In\u00edcio","item":"https:\/\/peers-old.htc.inf.br\/es\/"},{"@type":"ListItem","position":2,"name":"C\u00f3mo lo hacemos","item":"https:\/\/peers-old.htc.inf.br\/es\/como-lo-hacemos\/"},{"@type":"ListItem","position":3,"name":"Experiencia del Cliente"}]},{"@type":"WebSite","@id":"https:\/\/peers-old.htc.inf.br\/es\/#website","url":"https:\/\/peers-old.htc.inf.br\/es\/","name":"","description":"A experi\u00eancia \u00e9 o que fica","potentialAction":[{"@type":"SearchAction","target":{"@type":"EntryPoint","urlTemplate":"https:\/\/peers-old.htc.inf.br\/es\/?s={search_term_string}"},"query-input":{"@type":"PropertyValueSpecification","valueRequired":true,"valueName":"search_term_string"}}],"inLanguage":"es"}]}},"_links":{"self":[{"href":"https:\/\/peers-old.htc.inf.br\/es\/wp-json\/wp\/v2\/pages\/6063","targetHints":{"allow":["GET"]}}],"collection":[{"href":"https:\/\/peers-old.htc.inf.br\/es\/wp-json\/wp\/v2\/pages"}],"about":[{"href":"https:\/\/peers-old.htc.inf.br\/es\/wp-json\/wp\/v2\/types\/page"}],"author":[{"embeddable":true,"href":"https:\/\/peers-old.htc.inf.br\/es\/wp-json\/wp\/v2\/users\/53"}],"replies":[{"embeddable":true,"href":"https:\/\/peers-old.htc.inf.br\/es\/wp-json\/wp\/v2\/comments?post=6063"}],"version-history":[{"count":2,"href":"https:\/\/peers-old.htc.inf.br\/es\/wp-json\/wp\/v2\/pages\/6063\/revisions"}],"predecessor-version":[{"id":6205,"href":"https:\/\/peers-old.htc.inf.br\/es\/wp-json\/wp\/v2\/pages\/6063\/revisions\/6205"}],"up":[{"embeddable":true,"href":"https:\/\/peers-old.htc.inf.br\/es\/wp-json\/wp\/v2\/pages\/5950"}],"wp:attachment":[{"href":"https:\/\/peers-old.htc.inf.br\/es\/wp-json\/wp\/v2\/media?parent=6063"}],"curies":[{"name":"wp","href":"https:\/\/api.w.org\/{rel}","templated":true}]}}