{"id":6047,"date":"2022-12-14T09:31:07","date_gmt":"2022-12-14T12:31:07","guid":{"rendered":"https:\/\/peers.com.br\/como-lo-hacemos\/value-creation\/"},"modified":"2025-03-18T20:02:12","modified_gmt":"2025-03-18T23:02:12","slug":"creacion-de-valor","status":"publish","type":"page","link":"https:\/\/peers-old.htc.inf.br\/es\/como-lo-hacemos\/creacion-de-valor\/","title":{"rendered":"Creaci\u00f3n de Valor"},"content":{"rendered":"","protected":false},"excerpt":{"rendered":"<p>Maximiza el potencial de tu negocio con pr\u00e1cticas de creaci\u00f3n de valor que aumentan la eficiencia y garantizan el \u00e9xito a largo plazo. Desde la estrategia hasta la ejecuci\u00f3n, optimizamos los retornos para todos los stakeholders.<\/p>\n","protected":false},"author":2,"featured_media":0,"parent":5950,"menu_order":0,"comment_status":"closed","ping_status":"closed","template":"","meta":{"_acf_changed":false,"footnotes":""},"class_list":["post-6047","page","type-page","status-publish","hentry"],"acf":[],"yoast_head":"<!-- This site is optimized with the Yoast SEO plugin v24.7 - https:\/\/yoast.com\/wordpress\/plugins\/seo\/ -->\n<title>Creaci\u00f3n de Valor -<\/title>\n<meta name=\"description\" content=\"Descubra como a Peers otimiza solu\u00e7\u00f5es financeiras para empresas, promovendo efici\u00eancia e sustentabilidade. Aprenda nossas abordagens inovadoras para impulsionar a gest\u00e3o financeira e alcan\u00e7ar resultados s\u00f3lidos.\" \/>\n<meta name=\"robots\" content=\"index, follow, max-snippet:-1, max-image-preview:large, max-video-preview:-1\" \/>\n<link rel=\"canonical\" href=\"https:\/\/peers-old.htc.inf.br\/es\/como-lo-hacemos\/creacion-de-valor\/\" \/>\n<meta property=\"og:locale\" content=\"es_ES\" \/>\n<meta property=\"og:type\" content=\"article\" \/>\n<meta property=\"og:title\" content=\"Creaci\u00f3n de Valor -\" \/>\n<meta property=\"og:description\" content=\"Descubra como a Peers otimiza solu\u00e7\u00f5es financeiras para empresas, promovendo efici\u00eancia e sustentabilidade. Aprenda nossas abordagens inovadoras para impulsionar a gest\u00e3o financeira e alcan\u00e7ar resultados s\u00f3lidos.\" \/>\n<meta property=\"og:url\" content=\"https:\/\/peers-old.htc.inf.br\/es\/como-lo-hacemos\/creacion-de-valor\/\" \/>\n<meta property=\"article:modified_time\" content=\"2025-03-18T23:02:12+00:00\" \/>\n<meta name=\"twitter:card\" content=\"summary_large_image\" \/>\n<script type=\"application\/ld+json\" class=\"yoast-schema-graph\">{\"@context\":\"https:\/\/schema.org\",\"@graph\":[{\"@type\":\"WebPage\",\"@id\":\"https:\/\/peers-old.htc.inf.br\/es\/como-lo-hacemos\/creacion-de-valor\/\",\"url\":\"https:\/\/peers-old.htc.inf.br\/es\/como-lo-hacemos\/creacion-de-valor\/\",\"name\":\"Creaci\u00f3n de Valor -\",\"isPartOf\":{\"@id\":\"https:\/\/peers-old.htc.inf.br\/es\/#website\"},\"datePublished\":\"2022-12-14T12:31:07+00:00\",\"dateModified\":\"2025-03-18T23:02:12+00:00\",\"description\":\"Descubra como a Peers otimiza solu\u00e7\u00f5es financeiras para empresas, promovendo efici\u00eancia e sustentabilidade. Aprenda nossas abordagens inovadoras para impulsionar a gest\u00e3o financeira e alcan\u00e7ar resultados s\u00f3lidos.\",\"breadcrumb\":{\"@id\":\"https:\/\/peers-old.htc.inf.br\/es\/como-lo-hacemos\/creacion-de-valor\/#breadcrumb\"},\"inLanguage\":\"es\",\"potentialAction\":[{\"@type\":\"ReadAction\",\"target\":[\"https:\/\/peers-old.htc.inf.br\/es\/como-lo-hacemos\/creacion-de-valor\/\"]}]},{\"@type\":\"BreadcrumbList\",\"@id\":\"https:\/\/peers-old.htc.inf.br\/es\/como-lo-hacemos\/creacion-de-valor\/#breadcrumb\",\"itemListElement\":[{\"@type\":\"ListItem\",\"position\":1,\"name\":\"In\u00edcio\",\"item\":\"https:\/\/peers-old.htc.inf.br\/es\/\"},{\"@type\":\"ListItem\",\"position\":2,\"name\":\"C\u00f3mo lo hacemos\",\"item\":\"https:\/\/peers-old.htc.inf.br\/es\/como-lo-hacemos\/\"},{\"@type\":\"ListItem\",\"position\":3,\"name\":\"Creaci\u00f3n de Valor\"}]},{\"@type\":\"WebSite\",\"@id\":\"https:\/\/peers-old.htc.inf.br\/es\/#website\",\"url\":\"https:\/\/peers-old.htc.inf.br\/es\/\",\"name\":\"\",\"description\":\"A experi\u00eancia \u00e9 o que fica\",\"potentialAction\":[{\"@type\":\"SearchAction\",\"target\":{\"@type\":\"EntryPoint\",\"urlTemplate\":\"https:\/\/peers-old.htc.inf.br\/es\/?s={search_term_string}\"},\"query-input\":{\"@type\":\"PropertyValueSpecification\",\"valueRequired\":true,\"valueName\":\"search_term_string\"}}],\"inLanguage\":\"es\"}]}<\/script>\n<!-- \/ Yoast SEO plugin. -->","yoast_head_json":{"title":"Creaci\u00f3n de Valor -","description":"Descubra como a Peers otimiza solu\u00e7\u00f5es financeiras para empresas, promovendo efici\u00eancia e sustentabilidade. Aprenda nossas abordagens inovadoras para impulsionar a gest\u00e3o financeira e alcan\u00e7ar resultados s\u00f3lidos.","robots":{"index":"index","follow":"follow","max-snippet":"max-snippet:-1","max-image-preview":"max-image-preview:large","max-video-preview":"max-video-preview:-1"},"canonical":"https:\/\/peers-old.htc.inf.br\/es\/como-lo-hacemos\/creacion-de-valor\/","og_locale":"es_ES","og_type":"article","og_title":"Creaci\u00f3n de Valor -","og_description":"Descubra como a Peers otimiza solu\u00e7\u00f5es financeiras para empresas, promovendo efici\u00eancia e sustentabilidade. Aprenda nossas abordagens inovadoras para impulsionar a gest\u00e3o financeira e alcan\u00e7ar resultados s\u00f3lidos.","og_url":"https:\/\/peers-old.htc.inf.br\/es\/como-lo-hacemos\/creacion-de-valor\/","article_modified_time":"2025-03-18T23:02:12+00:00","twitter_card":"summary_large_image","schema":{"@context":"https:\/\/schema.org","@graph":[{"@type":"WebPage","@id":"https:\/\/peers-old.htc.inf.br\/es\/como-lo-hacemos\/creacion-de-valor\/","url":"https:\/\/peers-old.htc.inf.br\/es\/como-lo-hacemos\/creacion-de-valor\/","name":"Creaci\u00f3n de Valor -","isPartOf":{"@id":"https:\/\/peers-old.htc.inf.br\/es\/#website"},"datePublished":"2022-12-14T12:31:07+00:00","dateModified":"2025-03-18T23:02:12+00:00","description":"Descubra como a Peers otimiza solu\u00e7\u00f5es financeiras para empresas, promovendo efici\u00eancia e sustentabilidade. Aprenda nossas abordagens inovadoras para impulsionar a gest\u00e3o financeira e alcan\u00e7ar resultados s\u00f3lidos.","breadcrumb":{"@id":"https:\/\/peers-old.htc.inf.br\/es\/como-lo-hacemos\/creacion-de-valor\/#breadcrumb"},"inLanguage":"es","potentialAction":[{"@type":"ReadAction","target":["https:\/\/peers-old.htc.inf.br\/es\/como-lo-hacemos\/creacion-de-valor\/"]}]},{"@type":"BreadcrumbList","@id":"https:\/\/peers-old.htc.inf.br\/es\/como-lo-hacemos\/creacion-de-valor\/#breadcrumb","itemListElement":[{"@type":"ListItem","position":1,"name":"In\u00edcio","item":"https:\/\/peers-old.htc.inf.br\/es\/"},{"@type":"ListItem","position":2,"name":"C\u00f3mo lo hacemos","item":"https:\/\/peers-old.htc.inf.br\/es\/como-lo-hacemos\/"},{"@type":"ListItem","position":3,"name":"Creaci\u00f3n de Valor"}]},{"@type":"WebSite","@id":"https:\/\/peers-old.htc.inf.br\/es\/#website","url":"https:\/\/peers-old.htc.inf.br\/es\/","name":"","description":"A experi\u00eancia \u00e9 o que fica","potentialAction":[{"@type":"SearchAction","target":{"@type":"EntryPoint","urlTemplate":"https:\/\/peers-old.htc.inf.br\/es\/?s={search_term_string}"},"query-input":{"@type":"PropertyValueSpecification","valueRequired":true,"valueName":"search_term_string"}}],"inLanguage":"es"}]}},"_links":{"self":[{"href":"https:\/\/peers-old.htc.inf.br\/es\/wp-json\/wp\/v2\/pages\/6047","targetHints":{"allow":["GET"]}}],"collection":[{"href":"https:\/\/peers-old.htc.inf.br\/es\/wp-json\/wp\/v2\/pages"}],"about":[{"href":"https:\/\/peers-old.htc.inf.br\/es\/wp-json\/wp\/v2\/types\/page"}],"author":[{"embeddable":true,"href":"https:\/\/peers-old.htc.inf.br\/es\/wp-json\/wp\/v2\/users\/2"}],"replies":[{"embeddable":true,"href":"https:\/\/peers-old.htc.inf.br\/es\/wp-json\/wp\/v2\/comments?post=6047"}],"version-history":[{"count":2,"href":"https:\/\/peers-old.htc.inf.br\/es\/wp-json\/wp\/v2\/pages\/6047\/revisions"}],"predecessor-version":[{"id":6204,"href":"https:\/\/peers-old.htc.inf.br\/es\/wp-json\/wp\/v2\/pages\/6047\/revisions\/6204"}],"up":[{"embeddable":true,"href":"https:\/\/peers-old.htc.inf.br\/es\/wp-json\/wp\/v2\/pages\/5950"}],"wp:attachment":[{"href":"https:\/\/peers-old.htc.inf.br\/es\/wp-json\/wp\/v2\/media?parent=6047"}],"curies":[{"name":"wp","href":"https:\/\/api.w.org\/{rel}","templated":true}]}}