{"id":6044,"date":"2024-10-14T18:30:53","date_gmt":"2024-10-14T21:30:53","guid":{"rendered":"https:\/\/peers.com.br\/como-lo-hacemos\/talent-organization\/"},"modified":"2025-03-18T20:01:04","modified_gmt":"2025-03-18T23:01:04","slug":"talento-organizacion","status":"publish","type":"page","link":"https:\/\/peers-old.htc.inf.br\/es\/como-lo-hacemos\/talento-organizacion\/","title":{"rendered":"Talento + Organizaci\u00f3n"},"content":{"rendered":"","protected":false},"excerpt":{"rendered":"<p>Las personas son la fuerza impulsora de la transformaci\u00f3n. Nuestro enfoque fortalece la cultura organizacional y empodera a los equipos para superar desaf\u00edos y generar resultados.<\/p>\n","protected":false},"author":53,"featured_media":0,"parent":5950,"menu_order":0,"comment_status":"closed","ping_status":"closed","template":"","meta":{"_acf_changed":false,"footnotes":""},"class_list":["post-6044","page","type-page","status-publish","hentry"],"acf":[],"yoast_head":"<!-- This site is optimized with the Yoast SEO plugin v24.7 - https:\/\/yoast.com\/wordpress\/plugins\/seo\/ -->\n<title>- Talento + Organizaci\u00f3n<\/title>\n<meta name=\"description\" content=\"Talent + Organization \u00e9 um conjunto de pr\u00e1ticas de cria\u00e7\u00e3o de valor e customer experience para empresas que buscam alavancar seu neg\u00f3cio.\" \/>\n<meta name=\"robots\" content=\"index, follow, max-snippet:-1, max-image-preview:large, max-video-preview:-1\" \/>\n<link rel=\"canonical\" href=\"https:\/\/peers-old.htc.inf.br\/es\/como-lo-hacemos\/talento-organizacion\/\" \/>\n<meta property=\"og:locale\" content=\"es_ES\" \/>\n<meta property=\"og:type\" content=\"article\" \/>\n<meta property=\"og:title\" content=\"- Talento + Organizaci\u00f3n\" \/>\n<meta property=\"og:description\" content=\"Talent + Organization \u00e9 um conjunto de pr\u00e1ticas de cria\u00e7\u00e3o de valor e customer experience para empresas que buscam alavancar seu neg\u00f3cio.\" \/>\n<meta property=\"og:url\" content=\"https:\/\/peers-old.htc.inf.br\/es\/como-lo-hacemos\/talento-organizacion\/\" \/>\n<meta property=\"article:modified_time\" content=\"2025-03-18T23:01:04+00:00\" \/>\n<meta name=\"twitter:card\" content=\"summary_large_image\" \/>\n<script type=\"application\/ld+json\" class=\"yoast-schema-graph\">{\"@context\":\"https:\/\/schema.org\",\"@graph\":[{\"@type\":\"WebPage\",\"@id\":\"https:\/\/peers-old.htc.inf.br\/es\/como-lo-hacemos\/talento-organizacion\/\",\"url\":\"https:\/\/peers-old.htc.inf.br\/es\/como-lo-hacemos\/talento-organizacion\/\",\"name\":\"- Talento + Organizaci\u00f3n\",\"isPartOf\":{\"@id\":\"https:\/\/peers-old.htc.inf.br\/es\/#website\"},\"datePublished\":\"2024-10-14T21:30:53+00:00\",\"dateModified\":\"2025-03-18T23:01:04+00:00\",\"description\":\"Talent + Organization \u00e9 um conjunto de pr\u00e1ticas de cria\u00e7\u00e3o de valor e customer experience para empresas que buscam alavancar seu neg\u00f3cio.\",\"breadcrumb\":{\"@id\":\"https:\/\/peers-old.htc.inf.br\/es\/como-lo-hacemos\/talento-organizacion\/#breadcrumb\"},\"inLanguage\":\"es\",\"potentialAction\":[{\"@type\":\"ReadAction\",\"target\":[\"https:\/\/peers-old.htc.inf.br\/es\/como-lo-hacemos\/talento-organizacion\/\"]}]},{\"@type\":\"BreadcrumbList\",\"@id\":\"https:\/\/peers-old.htc.inf.br\/es\/como-lo-hacemos\/talento-organizacion\/#breadcrumb\",\"itemListElement\":[{\"@type\":\"ListItem\",\"position\":1,\"name\":\"In\u00edcio\",\"item\":\"https:\/\/peers-old.htc.inf.br\/es\/\"},{\"@type\":\"ListItem\",\"position\":2,\"name\":\"C\u00f3mo lo hacemos\",\"item\":\"https:\/\/peers-old.htc.inf.br\/es\/como-lo-hacemos\/\"},{\"@type\":\"ListItem\",\"position\":3,\"name\":\"Talento + Organizaci\u00f3n\"}]},{\"@type\":\"WebSite\",\"@id\":\"https:\/\/peers-old.htc.inf.br\/es\/#website\",\"url\":\"https:\/\/peers-old.htc.inf.br\/es\/\",\"name\":\"\",\"description\":\"A experi\u00eancia \u00e9 o que fica\",\"potentialAction\":[{\"@type\":\"SearchAction\",\"target\":{\"@type\":\"EntryPoint\",\"urlTemplate\":\"https:\/\/peers-old.htc.inf.br\/es\/?s={search_term_string}\"},\"query-input\":{\"@type\":\"PropertyValueSpecification\",\"valueRequired\":true,\"valueName\":\"search_term_string\"}}],\"inLanguage\":\"es\"}]}<\/script>\n<!-- \/ Yoast SEO plugin. -->","yoast_head_json":{"title":"- Talento + Organizaci\u00f3n","description":"Talent + Organization \u00e9 um conjunto de pr\u00e1ticas de cria\u00e7\u00e3o de valor e customer experience para empresas que buscam alavancar seu neg\u00f3cio.","robots":{"index":"index","follow":"follow","max-snippet":"max-snippet:-1","max-image-preview":"max-image-preview:large","max-video-preview":"max-video-preview:-1"},"canonical":"https:\/\/peers-old.htc.inf.br\/es\/como-lo-hacemos\/talento-organizacion\/","og_locale":"es_ES","og_type":"article","og_title":"- Talento + Organizaci\u00f3n","og_description":"Talent + Organization \u00e9 um conjunto de pr\u00e1ticas de cria\u00e7\u00e3o de valor e customer experience para empresas que buscam alavancar seu neg\u00f3cio.","og_url":"https:\/\/peers-old.htc.inf.br\/es\/como-lo-hacemos\/talento-organizacion\/","article_modified_time":"2025-03-18T23:01:04+00:00","twitter_card":"summary_large_image","schema":{"@context":"https:\/\/schema.org","@graph":[{"@type":"WebPage","@id":"https:\/\/peers-old.htc.inf.br\/es\/como-lo-hacemos\/talento-organizacion\/","url":"https:\/\/peers-old.htc.inf.br\/es\/como-lo-hacemos\/talento-organizacion\/","name":"- Talento + Organizaci\u00f3n","isPartOf":{"@id":"https:\/\/peers-old.htc.inf.br\/es\/#website"},"datePublished":"2024-10-14T21:30:53+00:00","dateModified":"2025-03-18T23:01:04+00:00","description":"Talent + Organization \u00e9 um conjunto de pr\u00e1ticas de cria\u00e7\u00e3o de valor e customer experience para empresas que buscam alavancar seu neg\u00f3cio.","breadcrumb":{"@id":"https:\/\/peers-old.htc.inf.br\/es\/como-lo-hacemos\/talento-organizacion\/#breadcrumb"},"inLanguage":"es","potentialAction":[{"@type":"ReadAction","target":["https:\/\/peers-old.htc.inf.br\/es\/como-lo-hacemos\/talento-organizacion\/"]}]},{"@type":"BreadcrumbList","@id":"https:\/\/peers-old.htc.inf.br\/es\/como-lo-hacemos\/talento-organizacion\/#breadcrumb","itemListElement":[{"@type":"ListItem","position":1,"name":"In\u00edcio","item":"https:\/\/peers-old.htc.inf.br\/es\/"},{"@type":"ListItem","position":2,"name":"C\u00f3mo lo hacemos","item":"https:\/\/peers-old.htc.inf.br\/es\/como-lo-hacemos\/"},{"@type":"ListItem","position":3,"name":"Talento + Organizaci\u00f3n"}]},{"@type":"WebSite","@id":"https:\/\/peers-old.htc.inf.br\/es\/#website","url":"https:\/\/peers-old.htc.inf.br\/es\/","name":"","description":"A experi\u00eancia \u00e9 o que fica","potentialAction":[{"@type":"SearchAction","target":{"@type":"EntryPoint","urlTemplate":"https:\/\/peers-old.htc.inf.br\/es\/?s={search_term_string}"},"query-input":{"@type":"PropertyValueSpecification","valueRequired":true,"valueName":"search_term_string"}}],"inLanguage":"es"}]}},"_links":{"self":[{"href":"https:\/\/peers-old.htc.inf.br\/es\/wp-json\/wp\/v2\/pages\/6044","targetHints":{"allow":["GET"]}}],"collection":[{"href":"https:\/\/peers-old.htc.inf.br\/es\/wp-json\/wp\/v2\/pages"}],"about":[{"href":"https:\/\/peers-old.htc.inf.br\/es\/wp-json\/wp\/v2\/types\/page"}],"author":[{"embeddable":true,"href":"https:\/\/peers-old.htc.inf.br\/es\/wp-json\/wp\/v2\/users\/53"}],"replies":[{"embeddable":true,"href":"https:\/\/peers-old.htc.inf.br\/es\/wp-json\/wp\/v2\/comments?post=6044"}],"version-history":[{"count":1,"href":"https:\/\/peers-old.htc.inf.br\/es\/wp-json\/wp\/v2\/pages\/6044\/revisions"}],"predecessor-version":[{"id":6046,"href":"https:\/\/peers-old.htc.inf.br\/es\/wp-json\/wp\/v2\/pages\/6044\/revisions\/6046"}],"up":[{"embeddable":true,"href":"https:\/\/peers-old.htc.inf.br\/es\/wp-json\/wp\/v2\/pages\/5950"}],"wp:attachment":[{"href":"https:\/\/peers-old.htc.inf.br\/es\/wp-json\/wp\/v2\/media?parent=6044"}],"curies":[{"name":"wp","href":"https:\/\/api.w.org\/{rel}","templated":true}]}}