{"id":6004,"date":"2024-10-14T18:31:39","date_gmt":"2024-10-14T21:31:39","guid":{"rendered":"https:\/\/peers.com.br\/como-lo-hacemos\/it-strategy\/"},"modified":"2025-03-18T19:55:55","modified_gmt":"2025-03-18T22:55:55","slug":"estrategia-de-ti","status":"publish","type":"page","link":"https:\/\/peers-old.htc.inf.br\/es\/como-lo-hacemos\/estrategia-de-ti\/","title":{"rendered":"Estrategia de TI"},"content":{"rendered":"","protected":false},"excerpt":{"rendered":"<p>Desbloquea valor con un enfoque estrat\u00e9gico de TI. Evaluamos arquitectura, gobernanza y operaciones para alinear la tecnolog\u00eda con los objetivos del negocio, impulsando iniciativas que maximicen los resultados.<\/p>\n","protected":false},"author":53,"featured_media":0,"parent":5950,"menu_order":0,"comment_status":"closed","ping_status":"closed","template":"","meta":{"_acf_changed":false,"footnotes":""},"class_list":["post-6004","page","type-page","status-publish","hentry"],"acf":[],"yoast_head":"<!-- This site is optimized with the Yoast SEO plugin v24.7 - https:\/\/yoast.com\/wordpress\/plugins\/seo\/ -->\n<title>- Estrategia de TI<\/title>\n<meta name=\"description\" content=\"IT Strategy \u00e9 um conjunto de pr\u00e1ticas de cria\u00e7\u00e3o de valor e customer experience para empresas que buscam alavancar seu neg\u00f3cio.\" \/>\n<meta name=\"robots\" content=\"index, follow, max-snippet:-1, max-image-preview:large, max-video-preview:-1\" \/>\n<link rel=\"canonical\" href=\"https:\/\/peers-old.htc.inf.br\/es\/como-lo-hacemos\/estrategia-de-ti\/\" \/>\n<meta property=\"og:locale\" content=\"es_ES\" \/>\n<meta property=\"og:type\" content=\"article\" \/>\n<meta property=\"og:title\" content=\"- Estrategia de TI\" \/>\n<meta property=\"og:description\" content=\"IT Strategy \u00e9 um conjunto de pr\u00e1ticas de cria\u00e7\u00e3o de valor e customer experience para empresas que buscam alavancar seu neg\u00f3cio.\" \/>\n<meta property=\"og:url\" content=\"https:\/\/peers-old.htc.inf.br\/es\/como-lo-hacemos\/estrategia-de-ti\/\" \/>\n<meta property=\"article:modified_time\" content=\"2025-03-18T22:55:55+00:00\" \/>\n<meta name=\"twitter:card\" content=\"summary_large_image\" \/>\n<script type=\"application\/ld+json\" class=\"yoast-schema-graph\">{\"@context\":\"https:\/\/schema.org\",\"@graph\":[{\"@type\":\"WebPage\",\"@id\":\"https:\/\/peers-old.htc.inf.br\/es\/como-lo-hacemos\/estrategia-de-ti\/\",\"url\":\"https:\/\/peers-old.htc.inf.br\/es\/como-lo-hacemos\/estrategia-de-ti\/\",\"name\":\"- Estrategia de TI\",\"isPartOf\":{\"@id\":\"https:\/\/peers-old.htc.inf.br\/es\/#website\"},\"datePublished\":\"2024-10-14T21:31:39+00:00\",\"dateModified\":\"2025-03-18T22:55:55+00:00\",\"description\":\"IT Strategy \u00e9 um conjunto de pr\u00e1ticas de cria\u00e7\u00e3o de valor e customer experience para empresas que buscam alavancar seu neg\u00f3cio.\",\"breadcrumb\":{\"@id\":\"https:\/\/peers-old.htc.inf.br\/es\/como-lo-hacemos\/estrategia-de-ti\/#breadcrumb\"},\"inLanguage\":\"es\",\"potentialAction\":[{\"@type\":\"ReadAction\",\"target\":[\"https:\/\/peers-old.htc.inf.br\/es\/como-lo-hacemos\/estrategia-de-ti\/\"]}]},{\"@type\":\"BreadcrumbList\",\"@id\":\"https:\/\/peers-old.htc.inf.br\/es\/como-lo-hacemos\/estrategia-de-ti\/#breadcrumb\",\"itemListElement\":[{\"@type\":\"ListItem\",\"position\":1,\"name\":\"In\u00edcio\",\"item\":\"https:\/\/peers-old.htc.inf.br\/es\/\"},{\"@type\":\"ListItem\",\"position\":2,\"name\":\"C\u00f3mo lo hacemos\",\"item\":\"https:\/\/peers-old.htc.inf.br\/es\/como-lo-hacemos\/\"},{\"@type\":\"ListItem\",\"position\":3,\"name\":\"Estrategia de TI\"}]},{\"@type\":\"WebSite\",\"@id\":\"https:\/\/peers-old.htc.inf.br\/es\/#website\",\"url\":\"https:\/\/peers-old.htc.inf.br\/es\/\",\"name\":\"\",\"description\":\"A experi\u00eancia \u00e9 o que fica\",\"potentialAction\":[{\"@type\":\"SearchAction\",\"target\":{\"@type\":\"EntryPoint\",\"urlTemplate\":\"https:\/\/peers-old.htc.inf.br\/es\/?s={search_term_string}\"},\"query-input\":{\"@type\":\"PropertyValueSpecification\",\"valueRequired\":true,\"valueName\":\"search_term_string\"}}],\"inLanguage\":\"es\"}]}<\/script>\n<!-- \/ Yoast SEO plugin. -->","yoast_head_json":{"title":"- Estrategia de TI","description":"IT Strategy \u00e9 um conjunto de pr\u00e1ticas de cria\u00e7\u00e3o de valor e customer experience para empresas que buscam alavancar seu neg\u00f3cio.","robots":{"index":"index","follow":"follow","max-snippet":"max-snippet:-1","max-image-preview":"max-image-preview:large","max-video-preview":"max-video-preview:-1"},"canonical":"https:\/\/peers-old.htc.inf.br\/es\/como-lo-hacemos\/estrategia-de-ti\/","og_locale":"es_ES","og_type":"article","og_title":"- Estrategia de TI","og_description":"IT Strategy \u00e9 um conjunto de pr\u00e1ticas de cria\u00e7\u00e3o de valor e customer experience para empresas que buscam alavancar seu neg\u00f3cio.","og_url":"https:\/\/peers-old.htc.inf.br\/es\/como-lo-hacemos\/estrategia-de-ti\/","article_modified_time":"2025-03-18T22:55:55+00:00","twitter_card":"summary_large_image","schema":{"@context":"https:\/\/schema.org","@graph":[{"@type":"WebPage","@id":"https:\/\/peers-old.htc.inf.br\/es\/como-lo-hacemos\/estrategia-de-ti\/","url":"https:\/\/peers-old.htc.inf.br\/es\/como-lo-hacemos\/estrategia-de-ti\/","name":"- Estrategia de TI","isPartOf":{"@id":"https:\/\/peers-old.htc.inf.br\/es\/#website"},"datePublished":"2024-10-14T21:31:39+00:00","dateModified":"2025-03-18T22:55:55+00:00","description":"IT Strategy \u00e9 um conjunto de pr\u00e1ticas de cria\u00e7\u00e3o de valor e customer experience para empresas que buscam alavancar seu neg\u00f3cio.","breadcrumb":{"@id":"https:\/\/peers-old.htc.inf.br\/es\/como-lo-hacemos\/estrategia-de-ti\/#breadcrumb"},"inLanguage":"es","potentialAction":[{"@type":"ReadAction","target":["https:\/\/peers-old.htc.inf.br\/es\/como-lo-hacemos\/estrategia-de-ti\/"]}]},{"@type":"BreadcrumbList","@id":"https:\/\/peers-old.htc.inf.br\/es\/como-lo-hacemos\/estrategia-de-ti\/#breadcrumb","itemListElement":[{"@type":"ListItem","position":1,"name":"In\u00edcio","item":"https:\/\/peers-old.htc.inf.br\/es\/"},{"@type":"ListItem","position":2,"name":"C\u00f3mo lo hacemos","item":"https:\/\/peers-old.htc.inf.br\/es\/como-lo-hacemos\/"},{"@type":"ListItem","position":3,"name":"Estrategia de TI"}]},{"@type":"WebSite","@id":"https:\/\/peers-old.htc.inf.br\/es\/#website","url":"https:\/\/peers-old.htc.inf.br\/es\/","name":"","description":"A experi\u00eancia \u00e9 o que fica","potentialAction":[{"@type":"SearchAction","target":{"@type":"EntryPoint","urlTemplate":"https:\/\/peers-old.htc.inf.br\/es\/?s={search_term_string}"},"query-input":{"@type":"PropertyValueSpecification","valueRequired":true,"valueName":"search_term_string"}}],"inLanguage":"es"}]}},"_links":{"self":[{"href":"https:\/\/peers-old.htc.inf.br\/es\/wp-json\/wp\/v2\/pages\/6004","targetHints":{"allow":["GET"]}}],"collection":[{"href":"https:\/\/peers-old.htc.inf.br\/es\/wp-json\/wp\/v2\/pages"}],"about":[{"href":"https:\/\/peers-old.htc.inf.br\/es\/wp-json\/wp\/v2\/types\/page"}],"author":[{"embeddable":true,"href":"https:\/\/peers-old.htc.inf.br\/es\/wp-json\/wp\/v2\/users\/53"}],"replies":[{"embeddable":true,"href":"https:\/\/peers-old.htc.inf.br\/es\/wp-json\/wp\/v2\/comments?post=6004"}],"version-history":[{"count":1,"href":"https:\/\/peers-old.htc.inf.br\/es\/wp-json\/wp\/v2\/pages\/6004\/revisions"}],"predecessor-version":[{"id":6006,"href":"https:\/\/peers-old.htc.inf.br\/es\/wp-json\/wp\/v2\/pages\/6004\/revisions\/6006"}],"up":[{"embeddable":true,"href":"https:\/\/peers-old.htc.inf.br\/es\/wp-json\/wp\/v2\/pages\/5950"}],"wp:attachment":[{"href":"https:\/\/peers-old.htc.inf.br\/es\/wp-json\/wp\/v2\/media?parent=6004"}],"curies":[{"name":"wp","href":"https:\/\/api.w.org\/{rel}","templated":true}]}}