{"id":5974,"date":"2024-10-14T18:29:54","date_gmt":"2024-10-14T21:29:54","guid":{"rendered":"https:\/\/peers.com.br\/como-lo-hacemos\/cybersecurity\/"},"modified":"2025-03-18T19:43:19","modified_gmt":"2025-03-18T22:43:19","slug":"ciberseguridad","status":"publish","type":"page","link":"https:\/\/peers-old.htc.inf.br\/es\/como-lo-hacemos\/ciberseguridad\/","title":{"rendered":"Ciberseguridad"},"content":{"rendered":"","protected":false},"excerpt":{"rendered":"<p>Convierte la ciberseguridad en una estrategia para la continuidad y el crecimiento, protegiendo datos cr\u00edticos y garantizando la resiliencia operativa. Seguridad digital para proteger el presente y preparar el futuro.<\/p>\n","protected":false},"author":53,"featured_media":0,"parent":5950,"menu_order":0,"comment_status":"closed","ping_status":"closed","template":"","meta":{"_acf_changed":false,"footnotes":""},"class_list":["post-5974","page","type-page","status-publish","hentry"],"acf":[],"yoast_head":"<!-- This site is optimized with the Yoast SEO plugin v24.7 - https:\/\/yoast.com\/wordpress\/plugins\/seo\/ -->\n<title>- Ciberseguridad<\/title>\n<meta name=\"description\" content=\"Ciberseguran\u00e7a: mais que tecnologia, um pilar estrat\u00e9gico para os neg\u00f3cio.\" \/>\n<meta name=\"robots\" content=\"index, follow, max-snippet:-1, max-image-preview:large, max-video-preview:-1\" \/>\n<link rel=\"canonical\" href=\"https:\/\/peers-old.htc.inf.br\/es\/como-lo-hacemos\/ciberseguridad\/\" \/>\n<meta property=\"og:locale\" content=\"es_ES\" \/>\n<meta property=\"og:type\" content=\"article\" \/>\n<meta property=\"og:title\" content=\"- Ciberseguridad\" \/>\n<meta property=\"og:description\" content=\"Ciberseguran\u00e7a: mais que tecnologia, um pilar estrat\u00e9gico para os neg\u00f3cio.\" \/>\n<meta property=\"og:url\" content=\"https:\/\/peers-old.htc.inf.br\/es\/como-lo-hacemos\/ciberseguridad\/\" \/>\n<meta property=\"article:modified_time\" content=\"2025-03-18T22:43:19+00:00\" \/>\n<meta name=\"twitter:card\" content=\"summary_large_image\" \/>\n<script type=\"application\/ld+json\" class=\"yoast-schema-graph\">{\"@context\":\"https:\/\/schema.org\",\"@graph\":[{\"@type\":\"WebPage\",\"@id\":\"https:\/\/peers-old.htc.inf.br\/es\/como-lo-hacemos\/ciberseguridad\/\",\"url\":\"https:\/\/peers-old.htc.inf.br\/es\/como-lo-hacemos\/ciberseguridad\/\",\"name\":\"- Ciberseguridad\",\"isPartOf\":{\"@id\":\"https:\/\/peers-old.htc.inf.br\/es\/#website\"},\"datePublished\":\"2024-10-14T21:29:54+00:00\",\"dateModified\":\"2025-03-18T22:43:19+00:00\",\"description\":\"Ciberseguran\u00e7a: mais que tecnologia, um pilar estrat\u00e9gico para os neg\u00f3cio.\",\"breadcrumb\":{\"@id\":\"https:\/\/peers-old.htc.inf.br\/es\/como-lo-hacemos\/ciberseguridad\/#breadcrumb\"},\"inLanguage\":\"es\",\"potentialAction\":[{\"@type\":\"ReadAction\",\"target\":[\"https:\/\/peers-old.htc.inf.br\/es\/como-lo-hacemos\/ciberseguridad\/\"]}]},{\"@type\":\"BreadcrumbList\",\"@id\":\"https:\/\/peers-old.htc.inf.br\/es\/como-lo-hacemos\/ciberseguridad\/#breadcrumb\",\"itemListElement\":[{\"@type\":\"ListItem\",\"position\":1,\"name\":\"In\u00edcio\",\"item\":\"https:\/\/peers-old.htc.inf.br\/es\/\"},{\"@type\":\"ListItem\",\"position\":2,\"name\":\"C\u00f3mo lo hacemos\",\"item\":\"https:\/\/peers-old.htc.inf.br\/es\/como-lo-hacemos\/\"},{\"@type\":\"ListItem\",\"position\":3,\"name\":\"Ciberseguridad\"}]},{\"@type\":\"WebSite\",\"@id\":\"https:\/\/peers-old.htc.inf.br\/es\/#website\",\"url\":\"https:\/\/peers-old.htc.inf.br\/es\/\",\"name\":\"\",\"description\":\"A experi\u00eancia \u00e9 o que fica\",\"potentialAction\":[{\"@type\":\"SearchAction\",\"target\":{\"@type\":\"EntryPoint\",\"urlTemplate\":\"https:\/\/peers-old.htc.inf.br\/es\/?s={search_term_string}\"},\"query-input\":{\"@type\":\"PropertyValueSpecification\",\"valueRequired\":true,\"valueName\":\"search_term_string\"}}],\"inLanguage\":\"es\"}]}<\/script>\n<!-- \/ Yoast SEO plugin. -->","yoast_head_json":{"title":"- Ciberseguridad","description":"Ciberseguran\u00e7a: mais que tecnologia, um pilar estrat\u00e9gico para os neg\u00f3cio.","robots":{"index":"index","follow":"follow","max-snippet":"max-snippet:-1","max-image-preview":"max-image-preview:large","max-video-preview":"max-video-preview:-1"},"canonical":"https:\/\/peers-old.htc.inf.br\/es\/como-lo-hacemos\/ciberseguridad\/","og_locale":"es_ES","og_type":"article","og_title":"- Ciberseguridad","og_description":"Ciberseguran\u00e7a: mais que tecnologia, um pilar estrat\u00e9gico para os neg\u00f3cio.","og_url":"https:\/\/peers-old.htc.inf.br\/es\/como-lo-hacemos\/ciberseguridad\/","article_modified_time":"2025-03-18T22:43:19+00:00","twitter_card":"summary_large_image","schema":{"@context":"https:\/\/schema.org","@graph":[{"@type":"WebPage","@id":"https:\/\/peers-old.htc.inf.br\/es\/como-lo-hacemos\/ciberseguridad\/","url":"https:\/\/peers-old.htc.inf.br\/es\/como-lo-hacemos\/ciberseguridad\/","name":"- Ciberseguridad","isPartOf":{"@id":"https:\/\/peers-old.htc.inf.br\/es\/#website"},"datePublished":"2024-10-14T21:29:54+00:00","dateModified":"2025-03-18T22:43:19+00:00","description":"Ciberseguran\u00e7a: mais que tecnologia, um pilar estrat\u00e9gico para os neg\u00f3cio.","breadcrumb":{"@id":"https:\/\/peers-old.htc.inf.br\/es\/como-lo-hacemos\/ciberseguridad\/#breadcrumb"},"inLanguage":"es","potentialAction":[{"@type":"ReadAction","target":["https:\/\/peers-old.htc.inf.br\/es\/como-lo-hacemos\/ciberseguridad\/"]}]},{"@type":"BreadcrumbList","@id":"https:\/\/peers-old.htc.inf.br\/es\/como-lo-hacemos\/ciberseguridad\/#breadcrumb","itemListElement":[{"@type":"ListItem","position":1,"name":"In\u00edcio","item":"https:\/\/peers-old.htc.inf.br\/es\/"},{"@type":"ListItem","position":2,"name":"C\u00f3mo lo hacemos","item":"https:\/\/peers-old.htc.inf.br\/es\/como-lo-hacemos\/"},{"@type":"ListItem","position":3,"name":"Ciberseguridad"}]},{"@type":"WebSite","@id":"https:\/\/peers-old.htc.inf.br\/es\/#website","url":"https:\/\/peers-old.htc.inf.br\/es\/","name":"","description":"A experi\u00eancia \u00e9 o que fica","potentialAction":[{"@type":"SearchAction","target":{"@type":"EntryPoint","urlTemplate":"https:\/\/peers-old.htc.inf.br\/es\/?s={search_term_string}"},"query-input":{"@type":"PropertyValueSpecification","valueRequired":true,"valueName":"search_term_string"}}],"inLanguage":"es"}]}},"_links":{"self":[{"href":"https:\/\/peers-old.htc.inf.br\/es\/wp-json\/wp\/v2\/pages\/5974","targetHints":{"allow":["GET"]}}],"collection":[{"href":"https:\/\/peers-old.htc.inf.br\/es\/wp-json\/wp\/v2\/pages"}],"about":[{"href":"https:\/\/peers-old.htc.inf.br\/es\/wp-json\/wp\/v2\/types\/page"}],"author":[{"embeddable":true,"href":"https:\/\/peers-old.htc.inf.br\/es\/wp-json\/wp\/v2\/users\/53"}],"replies":[{"embeddable":true,"href":"https:\/\/peers-old.htc.inf.br\/es\/wp-json\/wp\/v2\/comments?post=5974"}],"version-history":[{"count":1,"href":"https:\/\/peers-old.htc.inf.br\/es\/wp-json\/wp\/v2\/pages\/5974\/revisions"}],"predecessor-version":[{"id":5976,"href":"https:\/\/peers-old.htc.inf.br\/es\/wp-json\/wp\/v2\/pages\/5974\/revisions\/5976"}],"up":[{"embeddable":true,"href":"https:\/\/peers-old.htc.inf.br\/es\/wp-json\/wp\/v2\/pages\/5950"}],"wp:attachment":[{"href":"https:\/\/peers-old.htc.inf.br\/es\/wp-json\/wp\/v2\/media?parent=5974"}],"curies":[{"name":"wp","href":"https:\/\/api.w.org\/{rel}","templated":true}]}}