{"id":5906,"date":"2024-03-05T14:36:16","date_gmt":"2024-03-05T17:36:16","guid":{"rendered":"https:\/\/peers.com.br\/fale-conosco\/"},"modified":"2025-03-18T19:31:37","modified_gmt":"2025-03-18T22:31:37","slug":"hable-con-nosotros","status":"publish","type":"page","link":"https:\/\/peers-old.htc.inf.br\/es\/hable-con-nosotros\/","title":{"rendered":"Hable con nosotros"},"content":{"rendered":"","protected":false},"excerpt":{"rendered":"","protected":false},"author":1,"featured_media":0,"parent":0,"menu_order":20,"comment_status":"closed","ping_status":"closed","template":"","meta":{"_acf_changed":false,"footnotes":""},"class_list":["post-5906","page","type-page","status-publish","hentry"],"acf":[],"yoast_head":"<!-- This site is optimized with the Yoast SEO plugin v24.7 - https:\/\/yoast.com\/wordpress\/plugins\/seo\/ -->\n<title>Peers Consulting &amp; Technology - Fale com um Especialista<\/title>\n<meta name=\"description\" content=\"Solu\u00e7\u00f5es personalizadas da consultoria que mais cresce no Brasil em neg\u00f3cios e tecnologia para impulsionar o sucesso da sua empresa.\" \/>\n<meta name=\"robots\" content=\"index, follow, max-snippet:-1, max-image-preview:large, max-video-preview:-1\" \/>\n<link rel=\"canonical\" href=\"https:\/\/peers-old.htc.inf.br\/es\/hable-con-nosotros\/\" \/>\n<meta property=\"og:locale\" content=\"es_ES\" \/>\n<meta property=\"og:type\" content=\"article\" \/>\n<meta property=\"og:title\" content=\"Peers Consulting &amp; Technology - Fale com um Especialista\" \/>\n<meta property=\"og:description\" content=\"Solu\u00e7\u00f5es personalizadas da consultoria que mais cresce no Brasil em neg\u00f3cios e tecnologia para impulsionar o sucesso da sua empresa.\" \/>\n<meta property=\"og:url\" content=\"https:\/\/peers-old.htc.inf.br\/es\/hable-con-nosotros\/\" \/>\n<meta property=\"article:modified_time\" content=\"2025-03-18T22:31:37+00:00\" \/>\n<meta name=\"twitter:card\" content=\"summary_large_image\" \/>\n<script type=\"application\/ld+json\" class=\"yoast-schema-graph\">{\"@context\":\"https:\/\/schema.org\",\"@graph\":[{\"@type\":\"WebPage\",\"@id\":\"https:\/\/peers-old.htc.inf.br\/es\/hable-con-nosotros\/\",\"url\":\"https:\/\/peers-old.htc.inf.br\/es\/hable-con-nosotros\/\",\"name\":\"Peers Consulting & Technology - Fale com um Especialista\",\"isPartOf\":{\"@id\":\"https:\/\/peers-old.htc.inf.br\/es\/#website\"},\"datePublished\":\"2024-03-05T17:36:16+00:00\",\"dateModified\":\"2025-03-18T22:31:37+00:00\",\"description\":\"Solu\u00e7\u00f5es personalizadas da consultoria que mais cresce no Brasil em neg\u00f3cios e tecnologia para impulsionar o sucesso da sua empresa.\",\"breadcrumb\":{\"@id\":\"https:\/\/peers-old.htc.inf.br\/es\/hable-con-nosotros\/#breadcrumb\"},\"inLanguage\":\"es\",\"potentialAction\":[{\"@type\":\"ReadAction\",\"target\":[\"https:\/\/peers-old.htc.inf.br\/es\/hable-con-nosotros\/\"]}]},{\"@type\":\"BreadcrumbList\",\"@id\":\"https:\/\/peers-old.htc.inf.br\/es\/hable-con-nosotros\/#breadcrumb\",\"itemListElement\":[{\"@type\":\"ListItem\",\"position\":1,\"name\":\"In\u00edcio\",\"item\":\"https:\/\/peers-old.htc.inf.br\/es\/\"},{\"@type\":\"ListItem\",\"position\":2,\"name\":\"Hable con nosotros\"}]},{\"@type\":\"WebSite\",\"@id\":\"https:\/\/peers-old.htc.inf.br\/es\/#website\",\"url\":\"https:\/\/peers-old.htc.inf.br\/es\/\",\"name\":\"\",\"description\":\"A experi\u00eancia \u00e9 o que fica\",\"potentialAction\":[{\"@type\":\"SearchAction\",\"target\":{\"@type\":\"EntryPoint\",\"urlTemplate\":\"https:\/\/peers-old.htc.inf.br\/es\/?s={search_term_string}\"},\"query-input\":{\"@type\":\"PropertyValueSpecification\",\"valueRequired\":true,\"valueName\":\"search_term_string\"}}],\"inLanguage\":\"es\"}]}<\/script>\n<!-- \/ Yoast SEO plugin. -->","yoast_head_json":{"title":"Peers Consulting & Technology - Fale com um Especialista","description":"Solu\u00e7\u00f5es personalizadas da consultoria que mais cresce no Brasil em neg\u00f3cios e tecnologia para impulsionar o sucesso da sua empresa.","robots":{"index":"index","follow":"follow","max-snippet":"max-snippet:-1","max-image-preview":"max-image-preview:large","max-video-preview":"max-video-preview:-1"},"canonical":"https:\/\/peers-old.htc.inf.br\/es\/hable-con-nosotros\/","og_locale":"es_ES","og_type":"article","og_title":"Peers Consulting & Technology - Fale com um Especialista","og_description":"Solu\u00e7\u00f5es personalizadas da consultoria que mais cresce no Brasil em neg\u00f3cios e tecnologia para impulsionar o sucesso da sua empresa.","og_url":"https:\/\/peers-old.htc.inf.br\/es\/hable-con-nosotros\/","article_modified_time":"2025-03-18T22:31:37+00:00","twitter_card":"summary_large_image","schema":{"@context":"https:\/\/schema.org","@graph":[{"@type":"WebPage","@id":"https:\/\/peers-old.htc.inf.br\/es\/hable-con-nosotros\/","url":"https:\/\/peers-old.htc.inf.br\/es\/hable-con-nosotros\/","name":"Peers Consulting & Technology - Fale com um Especialista","isPartOf":{"@id":"https:\/\/peers-old.htc.inf.br\/es\/#website"},"datePublished":"2024-03-05T17:36:16+00:00","dateModified":"2025-03-18T22:31:37+00:00","description":"Solu\u00e7\u00f5es personalizadas da consultoria que mais cresce no Brasil em neg\u00f3cios e tecnologia para impulsionar o sucesso da sua empresa.","breadcrumb":{"@id":"https:\/\/peers-old.htc.inf.br\/es\/hable-con-nosotros\/#breadcrumb"},"inLanguage":"es","potentialAction":[{"@type":"ReadAction","target":["https:\/\/peers-old.htc.inf.br\/es\/hable-con-nosotros\/"]}]},{"@type":"BreadcrumbList","@id":"https:\/\/peers-old.htc.inf.br\/es\/hable-con-nosotros\/#breadcrumb","itemListElement":[{"@type":"ListItem","position":1,"name":"In\u00edcio","item":"https:\/\/peers-old.htc.inf.br\/es\/"},{"@type":"ListItem","position":2,"name":"Hable con nosotros"}]},{"@type":"WebSite","@id":"https:\/\/peers-old.htc.inf.br\/es\/#website","url":"https:\/\/peers-old.htc.inf.br\/es\/","name":"","description":"A experi\u00eancia \u00e9 o que fica","potentialAction":[{"@type":"SearchAction","target":{"@type":"EntryPoint","urlTemplate":"https:\/\/peers-old.htc.inf.br\/es\/?s={search_term_string}"},"query-input":{"@type":"PropertyValueSpecification","valueRequired":true,"valueName":"search_term_string"}}],"inLanguage":"es"}]}},"_links":{"self":[{"href":"https:\/\/peers-old.htc.inf.br\/es\/wp-json\/wp\/v2\/pages\/5906","targetHints":{"allow":["GET"]}}],"collection":[{"href":"https:\/\/peers-old.htc.inf.br\/es\/wp-json\/wp\/v2\/pages"}],"about":[{"href":"https:\/\/peers-old.htc.inf.br\/es\/wp-json\/wp\/v2\/types\/page"}],"author":[{"embeddable":true,"href":"https:\/\/peers-old.htc.inf.br\/es\/wp-json\/wp\/v2\/users\/1"}],"replies":[{"embeddable":true,"href":"https:\/\/peers-old.htc.inf.br\/es\/wp-json\/wp\/v2\/comments?post=5906"}],"version-history":[{"count":2,"href":"https:\/\/peers-old.htc.inf.br\/es\/wp-json\/wp\/v2\/pages\/5906\/revisions"}],"predecessor-version":[{"id":5910,"href":"https:\/\/peers-old.htc.inf.br\/es\/wp-json\/wp\/v2\/pages\/5906\/revisions\/5910"}],"wp:attachment":[{"href":"https:\/\/peers-old.htc.inf.br\/es\/wp-json\/wp\/v2\/media?parent=5906"}],"curies":[{"name":"wp","href":"https:\/\/api.w.org\/{rel}","templated":true}]}}