{"id":5746,"date":"2022-07-25T11:30:25","date_gmt":"2022-07-25T14:30:25","guid":{"rendered":"https:\/\/peers.com.br\/how-we-work\/digital-products\/"},"modified":"2025-02-23T15:10:18","modified_gmt":"2025-02-23T18:10:18","slug":"digital-products","status":"publish","type":"page","link":"https:\/\/peers-old.htc.inf.br\/en\/how-we-work\/digital-products\/","title":{"rendered":"Digital Products + Experience"},"content":{"rendered":"","protected":false},"excerpt":{"rendered":"<p>Agile and strategic digital solutions that bridge business and technology, creating value and efficiency. We accelerate success with digital journeys that turn challenges into opportunities. <\/p>\n","protected":false},"author":1,"featured_media":0,"parent":5719,"menu_order":1,"comment_status":"closed","ping_status":"closed","template":"","meta":{"_acf_changed":false,"footnotes":""},"class_list":["post-5746","page","type-page","status-publish","hentry"],"acf":[],"yoast_head":"<!-- This site is optimized with the Yoast SEO plugin v24.7 - https:\/\/yoast.com\/wordpress\/plugins\/seo\/ -->\n<title>Digital Products + Experience -<\/title>\n<meta name=\"description\" content=\"Descubra como a Peers utiliza solu\u00e7\u00f5es digitais inovadoras para transformar neg\u00f3cios e otimizar processos. Conhe\u00e7a nossas abordagens e ferramentas que impulsionam a efici\u00eancia e a transforma\u00e7\u00e3o digital.\" \/>\n<meta name=\"robots\" content=\"index, follow, max-snippet:-1, max-image-preview:large, max-video-preview:-1\" \/>\n<link rel=\"canonical\" href=\"https:\/\/peers-old.htc.inf.br\/en\/how-we-work\/digital-products\/\" \/>\n<meta property=\"og:locale\" content=\"en_US\" \/>\n<meta property=\"og:type\" content=\"article\" \/>\n<meta property=\"og:title\" content=\"Digital Products + Experience -\" \/>\n<meta property=\"og:description\" content=\"Descubra como a Peers utiliza solu\u00e7\u00f5es digitais inovadoras para transformar neg\u00f3cios e otimizar processos. Conhe\u00e7a nossas abordagens e ferramentas que impulsionam a efici\u00eancia e a transforma\u00e7\u00e3o digital.\" \/>\n<meta property=\"og:url\" content=\"https:\/\/peers-old.htc.inf.br\/en\/how-we-work\/digital-products\/\" \/>\n<meta property=\"article:modified_time\" content=\"2025-02-23T18:10:18+00:00\" \/>\n<meta name=\"twitter:card\" content=\"summary_large_image\" \/>\n<script type=\"application\/ld+json\" class=\"yoast-schema-graph\">{\"@context\":\"https:\/\/schema.org\",\"@graph\":[{\"@type\":\"WebPage\",\"@id\":\"https:\/\/peers-old.htc.inf.br\/en\/how-we-work\/digital-products\/\",\"url\":\"https:\/\/peers-old.htc.inf.br\/en\/how-we-work\/digital-products\/\",\"name\":\"Digital Products + Experience -\",\"isPartOf\":{\"@id\":\"https:\/\/peers-old.htc.inf.br\/en\/#website\"},\"datePublished\":\"2022-07-25T14:30:25+00:00\",\"dateModified\":\"2025-02-23T18:10:18+00:00\",\"description\":\"Descubra como a Peers utiliza solu\u00e7\u00f5es digitais inovadoras para transformar neg\u00f3cios e otimizar processos. Conhe\u00e7a nossas abordagens e ferramentas que impulsionam a efici\u00eancia e a transforma\u00e7\u00e3o digital.\",\"breadcrumb\":{\"@id\":\"https:\/\/peers-old.htc.inf.br\/en\/how-we-work\/digital-products\/#breadcrumb\"},\"inLanguage\":\"en-US\",\"potentialAction\":[{\"@type\":\"ReadAction\",\"target\":[\"https:\/\/peers-old.htc.inf.br\/en\/how-we-work\/digital-products\/\"]}]},{\"@type\":\"BreadcrumbList\",\"@id\":\"https:\/\/peers-old.htc.inf.br\/en\/how-we-work\/digital-products\/#breadcrumb\",\"itemListElement\":[{\"@type\":\"ListItem\",\"position\":1,\"name\":\"In\u00edcio\",\"item\":\"https:\/\/peers-old.htc.inf.br\/en\/\"},{\"@type\":\"ListItem\",\"position\":2,\"name\":\"How we work\",\"item\":\"https:\/\/peers-old.htc.inf.br\/en\/how-we-work\/\"},{\"@type\":\"ListItem\",\"position\":3,\"name\":\"Digital Products + Experience\"}]},{\"@type\":\"WebSite\",\"@id\":\"https:\/\/peers-old.htc.inf.br\/en\/#website\",\"url\":\"https:\/\/peers-old.htc.inf.br\/en\/\",\"name\":\"\",\"description\":\"A experi\u00eancia \u00e9 o que fica\",\"potentialAction\":[{\"@type\":\"SearchAction\",\"target\":{\"@type\":\"EntryPoint\",\"urlTemplate\":\"https:\/\/peers-old.htc.inf.br\/en\/?s={search_term_string}\"},\"query-input\":{\"@type\":\"PropertyValueSpecification\",\"valueRequired\":true,\"valueName\":\"search_term_string\"}}],\"inLanguage\":\"en-US\"}]}<\/script>\n<!-- \/ Yoast SEO plugin. -->","yoast_head_json":{"title":"Digital Products + Experience -","description":"Descubra como a Peers utiliza solu\u00e7\u00f5es digitais inovadoras para transformar neg\u00f3cios e otimizar processos. Conhe\u00e7a nossas abordagens e ferramentas que impulsionam a efici\u00eancia e a transforma\u00e7\u00e3o digital.","robots":{"index":"index","follow":"follow","max-snippet":"max-snippet:-1","max-image-preview":"max-image-preview:large","max-video-preview":"max-video-preview:-1"},"canonical":"https:\/\/peers-old.htc.inf.br\/en\/how-we-work\/digital-products\/","og_locale":"en_US","og_type":"article","og_title":"Digital Products + Experience -","og_description":"Descubra como a Peers utiliza solu\u00e7\u00f5es digitais inovadoras para transformar neg\u00f3cios e otimizar processos. Conhe\u00e7a nossas abordagens e ferramentas que impulsionam a efici\u00eancia e a transforma\u00e7\u00e3o digital.","og_url":"https:\/\/peers-old.htc.inf.br\/en\/how-we-work\/digital-products\/","article_modified_time":"2025-02-23T18:10:18+00:00","twitter_card":"summary_large_image","schema":{"@context":"https:\/\/schema.org","@graph":[{"@type":"WebPage","@id":"https:\/\/peers-old.htc.inf.br\/en\/how-we-work\/digital-products\/","url":"https:\/\/peers-old.htc.inf.br\/en\/how-we-work\/digital-products\/","name":"Digital Products + Experience -","isPartOf":{"@id":"https:\/\/peers-old.htc.inf.br\/en\/#website"},"datePublished":"2022-07-25T14:30:25+00:00","dateModified":"2025-02-23T18:10:18+00:00","description":"Descubra como a Peers utiliza solu\u00e7\u00f5es digitais inovadoras para transformar neg\u00f3cios e otimizar processos. Conhe\u00e7a nossas abordagens e ferramentas que impulsionam a efici\u00eancia e a transforma\u00e7\u00e3o digital.","breadcrumb":{"@id":"https:\/\/peers-old.htc.inf.br\/en\/how-we-work\/digital-products\/#breadcrumb"},"inLanguage":"en-US","potentialAction":[{"@type":"ReadAction","target":["https:\/\/peers-old.htc.inf.br\/en\/how-we-work\/digital-products\/"]}]},{"@type":"BreadcrumbList","@id":"https:\/\/peers-old.htc.inf.br\/en\/how-we-work\/digital-products\/#breadcrumb","itemListElement":[{"@type":"ListItem","position":1,"name":"In\u00edcio","item":"https:\/\/peers-old.htc.inf.br\/en\/"},{"@type":"ListItem","position":2,"name":"How we work","item":"https:\/\/peers-old.htc.inf.br\/en\/how-we-work\/"},{"@type":"ListItem","position":3,"name":"Digital Products + Experience"}]},{"@type":"WebSite","@id":"https:\/\/peers-old.htc.inf.br\/en\/#website","url":"https:\/\/peers-old.htc.inf.br\/en\/","name":"","description":"A experi\u00eancia \u00e9 o que fica","potentialAction":[{"@type":"SearchAction","target":{"@type":"EntryPoint","urlTemplate":"https:\/\/peers-old.htc.inf.br\/en\/?s={search_term_string}"},"query-input":{"@type":"PropertyValueSpecification","valueRequired":true,"valueName":"search_term_string"}}],"inLanguage":"en-US"}]}},"_links":{"self":[{"href":"https:\/\/peers-old.htc.inf.br\/en\/wp-json\/wp\/v2\/pages\/5746","targetHints":{"allow":["GET"]}}],"collection":[{"href":"https:\/\/peers-old.htc.inf.br\/en\/wp-json\/wp\/v2\/pages"}],"about":[{"href":"https:\/\/peers-old.htc.inf.br\/en\/wp-json\/wp\/v2\/types\/page"}],"author":[{"embeddable":true,"href":"https:\/\/peers-old.htc.inf.br\/en\/wp-json\/wp\/v2\/users\/1"}],"replies":[{"embeddable":true,"href":"https:\/\/peers-old.htc.inf.br\/en\/wp-json\/wp\/v2\/comments?post=5746"}],"version-history":[{"count":0,"href":"https:\/\/peers-old.htc.inf.br\/en\/wp-json\/wp\/v2\/pages\/5746\/revisions"}],"up":[{"embeddable":true,"href":"https:\/\/peers-old.htc.inf.br\/en\/wp-json\/wp\/v2\/pages\/5719"}],"wp:attachment":[{"href":"https:\/\/peers-old.htc.inf.br\/en\/wp-json\/wp\/v2\/media?parent=5746"}],"curies":[{"name":"wp","href":"https:\/\/api.w.org\/{rel}","templated":true}]}}