{"id":5741,"date":"2022-12-14T09:31:07","date_gmt":"2022-12-14T12:31:07","guid":{"rendered":"https:\/\/peers.com.br\/how-we-work\/value-creation\/"},"modified":"2025-02-23T14:52:16","modified_gmt":"2025-02-23T17:52:16","slug":"value-creation","status":"publish","type":"page","link":"https:\/\/peers-old.htc.inf.br\/en\/how-we-work\/value-creation\/","title":{"rendered":"Value Creation"},"content":{"rendered":"","protected":false},"excerpt":{"rendered":"<p>Maximize your business potential with value creation practices that enhance efficiency and ensure long-term success. From strategy to execution, we maximize returns for all stakeholders.<\/p>\n","protected":false},"author":2,"featured_media":0,"parent":5719,"menu_order":0,"comment_status":"closed","ping_status":"closed","template":"","meta":{"_acf_changed":false,"footnotes":""},"class_list":["post-5741","page","type-page","status-publish","hentry"],"acf":[],"yoast_head":"<!-- This site is optimized with the Yoast SEO plugin v24.7 - https:\/\/yoast.com\/wordpress\/plugins\/seo\/ -->\n<title>Value Creation -<\/title>\n<meta name=\"description\" content=\"Descubra como a Peers otimiza solu\u00e7\u00f5es financeiras para empresas, promovendo efici\u00eancia e sustentabilidade. Aprenda nossas abordagens inovadoras para impulsionar a gest\u00e3o financeira e alcan\u00e7ar resultados s\u00f3lidos.\" \/>\n<meta name=\"robots\" content=\"index, follow, max-snippet:-1, max-image-preview:large, max-video-preview:-1\" \/>\n<link rel=\"canonical\" href=\"https:\/\/peers-old.htc.inf.br\/en\/how-we-work\/value-creation\/\" \/>\n<meta property=\"og:locale\" content=\"en_US\" \/>\n<meta property=\"og:type\" content=\"article\" \/>\n<meta property=\"og:title\" content=\"Value Creation -\" \/>\n<meta property=\"og:description\" content=\"Descubra como a Peers otimiza solu\u00e7\u00f5es financeiras para empresas, promovendo efici\u00eancia e sustentabilidade. Aprenda nossas abordagens inovadoras para impulsionar a gest\u00e3o financeira e alcan\u00e7ar resultados s\u00f3lidos.\" \/>\n<meta property=\"og:url\" content=\"https:\/\/peers-old.htc.inf.br\/en\/how-we-work\/value-creation\/\" \/>\n<meta property=\"article:modified_time\" content=\"2025-02-23T17:52:16+00:00\" \/>\n<meta name=\"twitter:card\" content=\"summary_large_image\" \/>\n<script type=\"application\/ld+json\" class=\"yoast-schema-graph\">{\"@context\":\"https:\/\/schema.org\",\"@graph\":[{\"@type\":\"WebPage\",\"@id\":\"https:\/\/peers-old.htc.inf.br\/en\/how-we-work\/value-creation\/\",\"url\":\"https:\/\/peers-old.htc.inf.br\/en\/how-we-work\/value-creation\/\",\"name\":\"Value Creation -\",\"isPartOf\":{\"@id\":\"https:\/\/peers-old.htc.inf.br\/en\/#website\"},\"datePublished\":\"2022-12-14T12:31:07+00:00\",\"dateModified\":\"2025-02-23T17:52:16+00:00\",\"description\":\"Descubra como a Peers otimiza solu\u00e7\u00f5es financeiras para empresas, promovendo efici\u00eancia e sustentabilidade. Aprenda nossas abordagens inovadoras para impulsionar a gest\u00e3o financeira e alcan\u00e7ar resultados s\u00f3lidos.\",\"breadcrumb\":{\"@id\":\"https:\/\/peers-old.htc.inf.br\/en\/how-we-work\/value-creation\/#breadcrumb\"},\"inLanguage\":\"en-US\",\"potentialAction\":[{\"@type\":\"ReadAction\",\"target\":[\"https:\/\/peers-old.htc.inf.br\/en\/how-we-work\/value-creation\/\"]}]},{\"@type\":\"BreadcrumbList\",\"@id\":\"https:\/\/peers-old.htc.inf.br\/en\/how-we-work\/value-creation\/#breadcrumb\",\"itemListElement\":[{\"@type\":\"ListItem\",\"position\":1,\"name\":\"In\u00edcio\",\"item\":\"https:\/\/peers-old.htc.inf.br\/en\/\"},{\"@type\":\"ListItem\",\"position\":2,\"name\":\"How we work\",\"item\":\"https:\/\/peers-old.htc.inf.br\/en\/how-we-work\/\"},{\"@type\":\"ListItem\",\"position\":3,\"name\":\"Value Creation\"}]},{\"@type\":\"WebSite\",\"@id\":\"https:\/\/peers-old.htc.inf.br\/en\/#website\",\"url\":\"https:\/\/peers-old.htc.inf.br\/en\/\",\"name\":\"\",\"description\":\"A experi\u00eancia \u00e9 o que fica\",\"potentialAction\":[{\"@type\":\"SearchAction\",\"target\":{\"@type\":\"EntryPoint\",\"urlTemplate\":\"https:\/\/peers-old.htc.inf.br\/en\/?s={search_term_string}\"},\"query-input\":{\"@type\":\"PropertyValueSpecification\",\"valueRequired\":true,\"valueName\":\"search_term_string\"}}],\"inLanguage\":\"en-US\"}]}<\/script>\n<!-- \/ Yoast SEO plugin. -->","yoast_head_json":{"title":"Value Creation -","description":"Descubra como a Peers otimiza solu\u00e7\u00f5es financeiras para empresas, promovendo efici\u00eancia e sustentabilidade. Aprenda nossas abordagens inovadoras para impulsionar a gest\u00e3o financeira e alcan\u00e7ar resultados s\u00f3lidos.","robots":{"index":"index","follow":"follow","max-snippet":"max-snippet:-1","max-image-preview":"max-image-preview:large","max-video-preview":"max-video-preview:-1"},"canonical":"https:\/\/peers-old.htc.inf.br\/en\/how-we-work\/value-creation\/","og_locale":"en_US","og_type":"article","og_title":"Value Creation -","og_description":"Descubra como a Peers otimiza solu\u00e7\u00f5es financeiras para empresas, promovendo efici\u00eancia e sustentabilidade. Aprenda nossas abordagens inovadoras para impulsionar a gest\u00e3o financeira e alcan\u00e7ar resultados s\u00f3lidos.","og_url":"https:\/\/peers-old.htc.inf.br\/en\/how-we-work\/value-creation\/","article_modified_time":"2025-02-23T17:52:16+00:00","twitter_card":"summary_large_image","schema":{"@context":"https:\/\/schema.org","@graph":[{"@type":"WebPage","@id":"https:\/\/peers-old.htc.inf.br\/en\/how-we-work\/value-creation\/","url":"https:\/\/peers-old.htc.inf.br\/en\/how-we-work\/value-creation\/","name":"Value Creation -","isPartOf":{"@id":"https:\/\/peers-old.htc.inf.br\/en\/#website"},"datePublished":"2022-12-14T12:31:07+00:00","dateModified":"2025-02-23T17:52:16+00:00","description":"Descubra como a Peers otimiza solu\u00e7\u00f5es financeiras para empresas, promovendo efici\u00eancia e sustentabilidade. Aprenda nossas abordagens inovadoras para impulsionar a gest\u00e3o financeira e alcan\u00e7ar resultados s\u00f3lidos.","breadcrumb":{"@id":"https:\/\/peers-old.htc.inf.br\/en\/how-we-work\/value-creation\/#breadcrumb"},"inLanguage":"en-US","potentialAction":[{"@type":"ReadAction","target":["https:\/\/peers-old.htc.inf.br\/en\/how-we-work\/value-creation\/"]}]},{"@type":"BreadcrumbList","@id":"https:\/\/peers-old.htc.inf.br\/en\/how-we-work\/value-creation\/#breadcrumb","itemListElement":[{"@type":"ListItem","position":1,"name":"In\u00edcio","item":"https:\/\/peers-old.htc.inf.br\/en\/"},{"@type":"ListItem","position":2,"name":"How we work","item":"https:\/\/peers-old.htc.inf.br\/en\/how-we-work\/"},{"@type":"ListItem","position":3,"name":"Value Creation"}]},{"@type":"WebSite","@id":"https:\/\/peers-old.htc.inf.br\/en\/#website","url":"https:\/\/peers-old.htc.inf.br\/en\/","name":"","description":"A experi\u00eancia \u00e9 o que fica","potentialAction":[{"@type":"SearchAction","target":{"@type":"EntryPoint","urlTemplate":"https:\/\/peers-old.htc.inf.br\/en\/?s={search_term_string}"},"query-input":{"@type":"PropertyValueSpecification","valueRequired":true,"valueName":"search_term_string"}}],"inLanguage":"en-US"}]}},"_links":{"self":[{"href":"https:\/\/peers-old.htc.inf.br\/en\/wp-json\/wp\/v2\/pages\/5741","targetHints":{"allow":["GET"]}}],"collection":[{"href":"https:\/\/peers-old.htc.inf.br\/en\/wp-json\/wp\/v2\/pages"}],"about":[{"href":"https:\/\/peers-old.htc.inf.br\/en\/wp-json\/wp\/v2\/types\/page"}],"author":[{"embeddable":true,"href":"https:\/\/peers-old.htc.inf.br\/en\/wp-json\/wp\/v2\/users\/2"}],"replies":[{"embeddable":true,"href":"https:\/\/peers-old.htc.inf.br\/en\/wp-json\/wp\/v2\/comments?post=5741"}],"version-history":[{"count":0,"href":"https:\/\/peers-old.htc.inf.br\/en\/wp-json\/wp\/v2\/pages\/5741\/revisions"}],"up":[{"embeddable":true,"href":"https:\/\/peers-old.htc.inf.br\/en\/wp-json\/wp\/v2\/pages\/5719"}],"wp:attachment":[{"href":"https:\/\/peers-old.htc.inf.br\/en\/wp-json\/wp\/v2\/media?parent=5741"}],"curies":[{"name":"wp","href":"https:\/\/api.w.org\/{rel}","templated":true}]}}