{"id":5739,"date":"2024-10-14T18:30:53","date_gmt":"2024-10-14T21:30:53","guid":{"rendered":"https:\/\/peers.com.br\/how-we-work\/talent-organization\/"},"modified":"2025-02-23T14:48:54","modified_gmt":"2025-02-23T17:48:54","slug":"talent-organization","status":"publish","type":"page","link":"https:\/\/peers-old.htc.inf.br\/en\/how-we-work\/talent-organization\/","title":{"rendered":"Talent + Organization"},"content":{"rendered":"","protected":false},"excerpt":{"rendered":"<p>People are the driving force of transformation. Our approach strengthens organizational culture and empowers your team to overcome challenges and drive results. <\/p>\n","protected":false},"author":53,"featured_media":0,"parent":5719,"menu_order":0,"comment_status":"closed","ping_status":"closed","template":"","meta":{"_acf_changed":false,"footnotes":""},"class_list":["post-5739","page","type-page","status-publish","hentry"],"acf":[],"yoast_head":"<!-- This site is optimized with the Yoast SEO plugin v24.7 - https:\/\/yoast.com\/wordpress\/plugins\/seo\/ -->\n<title>- Talent + Organization<\/title>\n<meta name=\"description\" content=\"Talent + Organization \u00e9 um conjunto de pr\u00e1ticas de cria\u00e7\u00e3o de valor e customer experience para empresas que buscam alavancar seu neg\u00f3cio.\" \/>\n<meta name=\"robots\" content=\"index, follow, max-snippet:-1, max-image-preview:large, max-video-preview:-1\" \/>\n<link rel=\"canonical\" href=\"https:\/\/peers-old.htc.inf.br\/en\/how-we-work\/talent-organization\/\" \/>\n<meta property=\"og:locale\" content=\"en_US\" \/>\n<meta property=\"og:type\" content=\"article\" \/>\n<meta property=\"og:title\" content=\"- Talent + Organization\" \/>\n<meta property=\"og:description\" content=\"Talent + Organization \u00e9 um conjunto de pr\u00e1ticas de cria\u00e7\u00e3o de valor e customer experience para empresas que buscam alavancar seu neg\u00f3cio.\" \/>\n<meta property=\"og:url\" content=\"https:\/\/peers-old.htc.inf.br\/en\/how-we-work\/talent-organization\/\" \/>\n<meta property=\"article:modified_time\" content=\"2025-02-23T17:48:54+00:00\" \/>\n<meta name=\"twitter:card\" content=\"summary_large_image\" \/>\n<script type=\"application\/ld+json\" class=\"yoast-schema-graph\">{\"@context\":\"https:\/\/schema.org\",\"@graph\":[{\"@type\":\"WebPage\",\"@id\":\"https:\/\/peers-old.htc.inf.br\/en\/how-we-work\/talent-organization\/\",\"url\":\"https:\/\/peers-old.htc.inf.br\/en\/how-we-work\/talent-organization\/\",\"name\":\"- Talent + Organization\",\"isPartOf\":{\"@id\":\"https:\/\/peers-old.htc.inf.br\/en\/#website\"},\"datePublished\":\"2024-10-14T21:30:53+00:00\",\"dateModified\":\"2025-02-23T17:48:54+00:00\",\"description\":\"Talent + Organization \u00e9 um conjunto de pr\u00e1ticas de cria\u00e7\u00e3o de valor e customer experience para empresas que buscam alavancar seu neg\u00f3cio.\",\"breadcrumb\":{\"@id\":\"https:\/\/peers-old.htc.inf.br\/en\/how-we-work\/talent-organization\/#breadcrumb\"},\"inLanguage\":\"en-US\",\"potentialAction\":[{\"@type\":\"ReadAction\",\"target\":[\"https:\/\/peers-old.htc.inf.br\/en\/how-we-work\/talent-organization\/\"]}]},{\"@type\":\"BreadcrumbList\",\"@id\":\"https:\/\/peers-old.htc.inf.br\/en\/how-we-work\/talent-organization\/#breadcrumb\",\"itemListElement\":[{\"@type\":\"ListItem\",\"position\":1,\"name\":\"In\u00edcio\",\"item\":\"https:\/\/peers-old.htc.inf.br\/en\/\"},{\"@type\":\"ListItem\",\"position\":2,\"name\":\"How we work\",\"item\":\"https:\/\/peers-old.htc.inf.br\/en\/how-we-work\/\"},{\"@type\":\"ListItem\",\"position\":3,\"name\":\"Talent + Organization\"}]},{\"@type\":\"WebSite\",\"@id\":\"https:\/\/peers-old.htc.inf.br\/en\/#website\",\"url\":\"https:\/\/peers-old.htc.inf.br\/en\/\",\"name\":\"\",\"description\":\"A experi\u00eancia \u00e9 o que fica\",\"potentialAction\":[{\"@type\":\"SearchAction\",\"target\":{\"@type\":\"EntryPoint\",\"urlTemplate\":\"https:\/\/peers-old.htc.inf.br\/en\/?s={search_term_string}\"},\"query-input\":{\"@type\":\"PropertyValueSpecification\",\"valueRequired\":true,\"valueName\":\"search_term_string\"}}],\"inLanguage\":\"en-US\"}]}<\/script>\n<!-- \/ Yoast SEO plugin. -->","yoast_head_json":{"title":"- Talent + Organization","description":"Talent + Organization \u00e9 um conjunto de pr\u00e1ticas de cria\u00e7\u00e3o de valor e customer experience para empresas que buscam alavancar seu neg\u00f3cio.","robots":{"index":"index","follow":"follow","max-snippet":"max-snippet:-1","max-image-preview":"max-image-preview:large","max-video-preview":"max-video-preview:-1"},"canonical":"https:\/\/peers-old.htc.inf.br\/en\/how-we-work\/talent-organization\/","og_locale":"en_US","og_type":"article","og_title":"- Talent + Organization","og_description":"Talent + Organization \u00e9 um conjunto de pr\u00e1ticas de cria\u00e7\u00e3o de valor e customer experience para empresas que buscam alavancar seu neg\u00f3cio.","og_url":"https:\/\/peers-old.htc.inf.br\/en\/how-we-work\/talent-organization\/","article_modified_time":"2025-02-23T17:48:54+00:00","twitter_card":"summary_large_image","schema":{"@context":"https:\/\/schema.org","@graph":[{"@type":"WebPage","@id":"https:\/\/peers-old.htc.inf.br\/en\/how-we-work\/talent-organization\/","url":"https:\/\/peers-old.htc.inf.br\/en\/how-we-work\/talent-organization\/","name":"- Talent + Organization","isPartOf":{"@id":"https:\/\/peers-old.htc.inf.br\/en\/#website"},"datePublished":"2024-10-14T21:30:53+00:00","dateModified":"2025-02-23T17:48:54+00:00","description":"Talent + Organization \u00e9 um conjunto de pr\u00e1ticas de cria\u00e7\u00e3o de valor e customer experience para empresas que buscam alavancar seu neg\u00f3cio.","breadcrumb":{"@id":"https:\/\/peers-old.htc.inf.br\/en\/how-we-work\/talent-organization\/#breadcrumb"},"inLanguage":"en-US","potentialAction":[{"@type":"ReadAction","target":["https:\/\/peers-old.htc.inf.br\/en\/how-we-work\/talent-organization\/"]}]},{"@type":"BreadcrumbList","@id":"https:\/\/peers-old.htc.inf.br\/en\/how-we-work\/talent-organization\/#breadcrumb","itemListElement":[{"@type":"ListItem","position":1,"name":"In\u00edcio","item":"https:\/\/peers-old.htc.inf.br\/en\/"},{"@type":"ListItem","position":2,"name":"How we work","item":"https:\/\/peers-old.htc.inf.br\/en\/how-we-work\/"},{"@type":"ListItem","position":3,"name":"Talent + Organization"}]},{"@type":"WebSite","@id":"https:\/\/peers-old.htc.inf.br\/en\/#website","url":"https:\/\/peers-old.htc.inf.br\/en\/","name":"","description":"A experi\u00eancia \u00e9 o que fica","potentialAction":[{"@type":"SearchAction","target":{"@type":"EntryPoint","urlTemplate":"https:\/\/peers-old.htc.inf.br\/en\/?s={search_term_string}"},"query-input":{"@type":"PropertyValueSpecification","valueRequired":true,"valueName":"search_term_string"}}],"inLanguage":"en-US"}]}},"_links":{"self":[{"href":"https:\/\/peers-old.htc.inf.br\/en\/wp-json\/wp\/v2\/pages\/5739","targetHints":{"allow":["GET"]}}],"collection":[{"href":"https:\/\/peers-old.htc.inf.br\/en\/wp-json\/wp\/v2\/pages"}],"about":[{"href":"https:\/\/peers-old.htc.inf.br\/en\/wp-json\/wp\/v2\/types\/page"}],"author":[{"embeddable":true,"href":"https:\/\/peers-old.htc.inf.br\/en\/wp-json\/wp\/v2\/users\/53"}],"replies":[{"embeddable":true,"href":"https:\/\/peers-old.htc.inf.br\/en\/wp-json\/wp\/v2\/comments?post=5739"}],"version-history":[{"count":0,"href":"https:\/\/peers-old.htc.inf.br\/en\/wp-json\/wp\/v2\/pages\/5739\/revisions"}],"up":[{"embeddable":true,"href":"https:\/\/peers-old.htc.inf.br\/en\/wp-json\/wp\/v2\/pages\/5719"}],"wp:attachment":[{"href":"https:\/\/peers-old.htc.inf.br\/en\/wp-json\/wp\/v2\/media?parent=5739"}],"curies":[{"name":"wp","href":"https:\/\/api.w.org\/{rel}","templated":true}]}}