{"id":5729,"date":"2022-12-14T13:25:36","date_gmt":"2022-12-14T16:25:36","guid":{"rendered":"https:\/\/peers.com.br\/how-we-work\/strategy-ma\/"},"modified":"2025-02-23T14:37:30","modified_gmt":"2025-02-23T17:37:30","slug":"strategy-ma","status":"publish","type":"page","link":"https:\/\/peers-old.htc.inf.br\/en\/how-we-work\/strategy-ma\/","title":{"rendered":"Strategy + M&#038;A"},"content":{"rendered":"<p><span class=\"TextRun BCX0 SCXP29447742\" lang=\"PT-BR\" xml:lang=\"PT-BR\" data-scheme-color=\"@1B264E,,\" data-usefontface=\"true\" data-contrast=\"none\"><span class=\"NormalTextRun BCX0 SCXP29447742\">Aumento<\/span><\/span><span class=\"TextRun BCX0 SCXP29447742\" lang=\"PT-BR\" xml:lang=\"PT-BR\" data-scheme-color=\"@1B264E,,\" data-usefontface=\"true\" data-contrast=\"none\"><span class=\"NormalTextRun BCX0 SCXP29447742\">\u00a0da receita e\u00a0<\/span><\/span><span class=\"TextRun BCX0 SCXP29447742\" lang=\"PT-BR\" xml:lang=\"PT-BR\" data-scheme-color=\"@1B264E,,\" data-usefontface=\"true\" data-contrast=\"none\"><span class=\"NormalTextRun BCX0 SCXP29447742\">rentabilidade\u00a0<\/span><\/span><span class=\"TextRun BCX0 SCXP29447742\" lang=\"PT-BR\" xml:lang=\"PT-BR\" data-scheme-color=\"@1B264E,,\" data-usefontface=\"true\" data-contrast=\"none\"><span class=\"NormalTextRun BCX0 SCXP29447742\">da companhia, <\/span><\/span><span class=\"TextRun BCX0 SCXP29447742\" lang=\"PT-BR\" xml:lang=\"PT-BR\" data-scheme-color=\"@1B264E,,\" data-usefontface=\"true\" data-contrast=\"none\"><span class=\"NormalTextRun BCX0 SCXP29447742\">suportados por\u00a0iniciativas estrat\u00e9gicas que\u00a0<\/span><\/span><span class=\"TextRun BCX0 SCXP29447742\" lang=\"PT-BR\" xml:lang=\"PT-BR\" data-scheme-color=\"@1B264E,,\" data-usefontface=\"true\" data-contrast=\"none\"><span class=\"NormalTextRun BCX0 SCXP29447742\">aceleram o\u00a0<\/span><\/span><span class=\"TextRun BCX0 SCXP29447742\" lang=\"PT-BR\" xml:lang=\"PT-BR\" data-scheme-color=\"@1B264E,,\" data-usefontface=\"true\" data-contrast=\"none\"><span class=\"NormalTextRun BCX0 SCXP29447742\">crescimento org\u00e2nico <\/span><\/span><span class=\"TextRun BCX0 SCXP29447742\" lang=\"PT-BR\" xml:lang=\"PT-BR\" data-scheme-color=\"@1B264E,,\" data-usefontface=\"true\" data-contrast=\"none\"><span class=\"NormalTextRun BCX0 SCXP29447742\">ou inorg\u00e2nico<\/span><\/span><\/p>\n","protected":false},"excerpt":{"rendered":"<p>Strategic decisions for the future of your business. We guide everything from growth plans to mergers and acquisitions, ensuring precise execution aligned with your goals.<\/p>\n","protected":false},"author":2,"featured_media":0,"parent":5719,"menu_order":0,"comment_status":"closed","ping_status":"closed","template":"","meta":{"_acf_changed":false,"footnotes":""},"class_list":["post-5729","page","type-page","status-publish","hentry"],"acf":[],"yoast_head":"<!-- This site is optimized with the Yoast SEO plugin v24.7 - https:\/\/yoast.com\/wordpress\/plugins\/seo\/ -->\n<title>Strategy + M&amp;A -<\/title>\n<meta name=\"description\" content=\"Descubra como a Peers desenvolve estrat\u00e9gias eficazes de M&amp;A e planejamento estrat\u00e9gico, ajudando empresas a enfrentar desafios e otimizar resultados. Conhe\u00e7a nossas metodologias e abordagens personalizadas para impulsionar seu neg\u00f3cio.\" \/>\n<meta name=\"robots\" content=\"index, follow, max-snippet:-1, max-image-preview:large, max-video-preview:-1\" \/>\n<link rel=\"canonical\" href=\"https:\/\/peers-old.htc.inf.br\/en\/how-we-work\/strategy-ma\/\" \/>\n<meta property=\"og:locale\" content=\"en_US\" \/>\n<meta property=\"og:type\" content=\"article\" \/>\n<meta property=\"og:title\" content=\"Strategy + M&amp;A -\" \/>\n<meta property=\"og:description\" content=\"Descubra como a Peers desenvolve estrat\u00e9gias eficazes de M&amp;A e planejamento estrat\u00e9gico, ajudando empresas a enfrentar desafios e otimizar resultados. Conhe\u00e7a nossas metodologias e abordagens personalizadas para impulsionar seu neg\u00f3cio.\" \/>\n<meta property=\"og:url\" content=\"https:\/\/peers-old.htc.inf.br\/en\/how-we-work\/strategy-ma\/\" \/>\n<meta property=\"article:modified_time\" content=\"2025-02-23T17:37:30+00:00\" \/>\n<meta name=\"twitter:card\" content=\"summary_large_image\" \/>\n<meta name=\"twitter:label1\" content=\"Est. reading time\" \/>\n\t<meta name=\"twitter:data1\" content=\"1 minute\" \/>\n<script type=\"application\/ld+json\" class=\"yoast-schema-graph\">{\"@context\":\"https:\/\/schema.org\",\"@graph\":[{\"@type\":\"WebPage\",\"@id\":\"https:\/\/peers-old.htc.inf.br\/en\/how-we-work\/strategy-ma\/\",\"url\":\"https:\/\/peers-old.htc.inf.br\/en\/how-we-work\/strategy-ma\/\",\"name\":\"Strategy + M&A -\",\"isPartOf\":{\"@id\":\"https:\/\/peers-old.htc.inf.br\/en\/#website\"},\"datePublished\":\"2022-12-14T16:25:36+00:00\",\"dateModified\":\"2025-02-23T17:37:30+00:00\",\"description\":\"Descubra como a Peers desenvolve estrat\u00e9gias eficazes de M&A e planejamento estrat\u00e9gico, ajudando empresas a enfrentar desafios e otimizar resultados. Conhe\u00e7a nossas metodologias e abordagens personalizadas para impulsionar seu neg\u00f3cio.\",\"breadcrumb\":{\"@id\":\"https:\/\/peers-old.htc.inf.br\/en\/how-we-work\/strategy-ma\/#breadcrumb\"},\"inLanguage\":\"en-US\",\"potentialAction\":[{\"@type\":\"ReadAction\",\"target\":[\"https:\/\/peers-old.htc.inf.br\/en\/how-we-work\/strategy-ma\/\"]}]},{\"@type\":\"BreadcrumbList\",\"@id\":\"https:\/\/peers-old.htc.inf.br\/en\/how-we-work\/strategy-ma\/#breadcrumb\",\"itemListElement\":[{\"@type\":\"ListItem\",\"position\":1,\"name\":\"In\u00edcio\",\"item\":\"https:\/\/peers-old.htc.inf.br\/en\/\"},{\"@type\":\"ListItem\",\"position\":2,\"name\":\"How we work\",\"item\":\"https:\/\/peers-old.htc.inf.br\/en\/how-we-work\/\"},{\"@type\":\"ListItem\",\"position\":3,\"name\":\"Strategy + M&#038;A\"}]},{\"@type\":\"WebSite\",\"@id\":\"https:\/\/peers-old.htc.inf.br\/en\/#website\",\"url\":\"https:\/\/peers-old.htc.inf.br\/en\/\",\"name\":\"\",\"description\":\"A experi\u00eancia \u00e9 o que fica\",\"potentialAction\":[{\"@type\":\"SearchAction\",\"target\":{\"@type\":\"EntryPoint\",\"urlTemplate\":\"https:\/\/peers-old.htc.inf.br\/en\/?s={search_term_string}\"},\"query-input\":{\"@type\":\"PropertyValueSpecification\",\"valueRequired\":true,\"valueName\":\"search_term_string\"}}],\"inLanguage\":\"en-US\"}]}<\/script>\n<!-- \/ Yoast SEO plugin. -->","yoast_head_json":{"title":"Strategy + M&A -","description":"Descubra como a Peers desenvolve estrat\u00e9gias eficazes de M&A e planejamento estrat\u00e9gico, ajudando empresas a enfrentar desafios e otimizar resultados. Conhe\u00e7a nossas metodologias e abordagens personalizadas para impulsionar seu neg\u00f3cio.","robots":{"index":"index","follow":"follow","max-snippet":"max-snippet:-1","max-image-preview":"max-image-preview:large","max-video-preview":"max-video-preview:-1"},"canonical":"https:\/\/peers-old.htc.inf.br\/en\/how-we-work\/strategy-ma\/","og_locale":"en_US","og_type":"article","og_title":"Strategy + M&A -","og_description":"Descubra como a Peers desenvolve estrat\u00e9gias eficazes de M&A e planejamento estrat\u00e9gico, ajudando empresas a enfrentar desafios e otimizar resultados. Conhe\u00e7a nossas metodologias e abordagens personalizadas para impulsionar seu neg\u00f3cio.","og_url":"https:\/\/peers-old.htc.inf.br\/en\/how-we-work\/strategy-ma\/","article_modified_time":"2025-02-23T17:37:30+00:00","twitter_card":"summary_large_image","twitter_misc":{"Est. reading time":"1 minute"},"schema":{"@context":"https:\/\/schema.org","@graph":[{"@type":"WebPage","@id":"https:\/\/peers-old.htc.inf.br\/en\/how-we-work\/strategy-ma\/","url":"https:\/\/peers-old.htc.inf.br\/en\/how-we-work\/strategy-ma\/","name":"Strategy + M&A -","isPartOf":{"@id":"https:\/\/peers-old.htc.inf.br\/en\/#website"},"datePublished":"2022-12-14T16:25:36+00:00","dateModified":"2025-02-23T17:37:30+00:00","description":"Descubra como a Peers desenvolve estrat\u00e9gias eficazes de M&A e planejamento estrat\u00e9gico, ajudando empresas a enfrentar desafios e otimizar resultados. Conhe\u00e7a nossas metodologias e abordagens personalizadas para impulsionar seu neg\u00f3cio.","breadcrumb":{"@id":"https:\/\/peers-old.htc.inf.br\/en\/how-we-work\/strategy-ma\/#breadcrumb"},"inLanguage":"en-US","potentialAction":[{"@type":"ReadAction","target":["https:\/\/peers-old.htc.inf.br\/en\/how-we-work\/strategy-ma\/"]}]},{"@type":"BreadcrumbList","@id":"https:\/\/peers-old.htc.inf.br\/en\/how-we-work\/strategy-ma\/#breadcrumb","itemListElement":[{"@type":"ListItem","position":1,"name":"In\u00edcio","item":"https:\/\/peers-old.htc.inf.br\/en\/"},{"@type":"ListItem","position":2,"name":"How we work","item":"https:\/\/peers-old.htc.inf.br\/en\/how-we-work\/"},{"@type":"ListItem","position":3,"name":"Strategy + M&#038;A"}]},{"@type":"WebSite","@id":"https:\/\/peers-old.htc.inf.br\/en\/#website","url":"https:\/\/peers-old.htc.inf.br\/en\/","name":"","description":"A experi\u00eancia \u00e9 o que fica","potentialAction":[{"@type":"SearchAction","target":{"@type":"EntryPoint","urlTemplate":"https:\/\/peers-old.htc.inf.br\/en\/?s={search_term_string}"},"query-input":{"@type":"PropertyValueSpecification","valueRequired":true,"valueName":"search_term_string"}}],"inLanguage":"en-US"}]}},"_links":{"self":[{"href":"https:\/\/peers-old.htc.inf.br\/en\/wp-json\/wp\/v2\/pages\/5729","targetHints":{"allow":["GET"]}}],"collection":[{"href":"https:\/\/peers-old.htc.inf.br\/en\/wp-json\/wp\/v2\/pages"}],"about":[{"href":"https:\/\/peers-old.htc.inf.br\/en\/wp-json\/wp\/v2\/types\/page"}],"author":[{"embeddable":true,"href":"https:\/\/peers-old.htc.inf.br\/en\/wp-json\/wp\/v2\/users\/2"}],"replies":[{"embeddable":true,"href":"https:\/\/peers-old.htc.inf.br\/en\/wp-json\/wp\/v2\/comments?post=5729"}],"version-history":[{"count":0,"href":"https:\/\/peers-old.htc.inf.br\/en\/wp-json\/wp\/v2\/pages\/5729\/revisions"}],"up":[{"embeddable":true,"href":"https:\/\/peers-old.htc.inf.br\/en\/wp-json\/wp\/v2\/pages\/5719"}],"wp:attachment":[{"href":"https:\/\/peers-old.htc.inf.br\/en\/wp-json\/wp\/v2\/media?parent=5729"}],"curies":[{"name":"wp","href":"https:\/\/api.w.org\/{rel}","templated":true}]}}