{"id":5716,"date":"2024-03-05T14:36:16","date_gmt":"2024-03-05T17:36:16","guid":{"rendered":"https:\/\/peers.com.br\/fale-conosco\/"},"modified":"2025-03-18T19:30:46","modified_gmt":"2025-03-18T22:30:46","slug":"contact-us","status":"publish","type":"page","link":"https:\/\/peers-old.htc.inf.br\/en\/contact-us\/","title":{"rendered":"Contact us"},"content":{"rendered":"","protected":false},"excerpt":{"rendered":"","protected":false},"author":1,"featured_media":0,"parent":0,"menu_order":20,"comment_status":"closed","ping_status":"closed","template":"","meta":{"_acf_changed":false,"footnotes":""},"class_list":["post-5716","page","type-page","status-publish","hentry"],"acf":[],"yoast_head":"<!-- This site is optimized with the Yoast SEO plugin v24.7 - https:\/\/yoast.com\/wordpress\/plugins\/seo\/ -->\n<title>Peers Consulting &amp; Technology - Fale com um Especialista<\/title>\n<meta name=\"description\" content=\"Solu\u00e7\u00f5es personalizadas da consultoria que mais cresce no Brasil em neg\u00f3cios e tecnologia para impulsionar o sucesso da sua empresa.\" \/>\n<meta name=\"robots\" content=\"index, follow, max-snippet:-1, max-image-preview:large, max-video-preview:-1\" \/>\n<link rel=\"canonical\" href=\"https:\/\/peers-old.htc.inf.br\/en\/contact-us\/\" \/>\n<meta property=\"og:locale\" content=\"en_US\" \/>\n<meta property=\"og:type\" content=\"article\" \/>\n<meta property=\"og:title\" content=\"Peers Consulting &amp; Technology - Fale com um Especialista\" \/>\n<meta property=\"og:description\" content=\"Solu\u00e7\u00f5es personalizadas da consultoria que mais cresce no Brasil em neg\u00f3cios e tecnologia para impulsionar o sucesso da sua empresa.\" \/>\n<meta property=\"og:url\" content=\"https:\/\/peers-old.htc.inf.br\/en\/contact-us\/\" \/>\n<meta property=\"article:modified_time\" content=\"2025-03-18T22:30:46+00:00\" \/>\n<meta name=\"twitter:card\" content=\"summary_large_image\" \/>\n<script type=\"application\/ld+json\" class=\"yoast-schema-graph\">{\"@context\":\"https:\/\/schema.org\",\"@graph\":[{\"@type\":\"WebPage\",\"@id\":\"https:\/\/peers-old.htc.inf.br\/en\/contact-us\/\",\"url\":\"https:\/\/peers-old.htc.inf.br\/en\/contact-us\/\",\"name\":\"Peers Consulting & Technology - Fale com um Especialista\",\"isPartOf\":{\"@id\":\"https:\/\/peers-old.htc.inf.br\/en\/#website\"},\"datePublished\":\"2024-03-05T17:36:16+00:00\",\"dateModified\":\"2025-03-18T22:30:46+00:00\",\"description\":\"Solu\u00e7\u00f5es personalizadas da consultoria que mais cresce no Brasil em neg\u00f3cios e tecnologia para impulsionar o sucesso da sua empresa.\",\"breadcrumb\":{\"@id\":\"https:\/\/peers-old.htc.inf.br\/en\/contact-us\/#breadcrumb\"},\"inLanguage\":\"en-US\",\"potentialAction\":[{\"@type\":\"ReadAction\",\"target\":[\"https:\/\/peers-old.htc.inf.br\/en\/contact-us\/\"]}]},{\"@type\":\"BreadcrumbList\",\"@id\":\"https:\/\/peers-old.htc.inf.br\/en\/contact-us\/#breadcrumb\",\"itemListElement\":[{\"@type\":\"ListItem\",\"position\":1,\"name\":\"In\u00edcio\",\"item\":\"https:\/\/peers-old.htc.inf.br\/en\/\"},{\"@type\":\"ListItem\",\"position\":2,\"name\":\"Contact us\"}]},{\"@type\":\"WebSite\",\"@id\":\"https:\/\/peers-old.htc.inf.br\/en\/#website\",\"url\":\"https:\/\/peers-old.htc.inf.br\/en\/\",\"name\":\"\",\"description\":\"A experi\u00eancia \u00e9 o que fica\",\"potentialAction\":[{\"@type\":\"SearchAction\",\"target\":{\"@type\":\"EntryPoint\",\"urlTemplate\":\"https:\/\/peers-old.htc.inf.br\/en\/?s={search_term_string}\"},\"query-input\":{\"@type\":\"PropertyValueSpecification\",\"valueRequired\":true,\"valueName\":\"search_term_string\"}}],\"inLanguage\":\"en-US\"}]}<\/script>\n<!-- \/ Yoast SEO plugin. -->","yoast_head_json":{"title":"Peers Consulting & Technology - Fale com um Especialista","description":"Solu\u00e7\u00f5es personalizadas da consultoria que mais cresce no Brasil em neg\u00f3cios e tecnologia para impulsionar o sucesso da sua empresa.","robots":{"index":"index","follow":"follow","max-snippet":"max-snippet:-1","max-image-preview":"max-image-preview:large","max-video-preview":"max-video-preview:-1"},"canonical":"https:\/\/peers-old.htc.inf.br\/en\/contact-us\/","og_locale":"en_US","og_type":"article","og_title":"Peers Consulting & Technology - Fale com um Especialista","og_description":"Solu\u00e7\u00f5es personalizadas da consultoria que mais cresce no Brasil em neg\u00f3cios e tecnologia para impulsionar o sucesso da sua empresa.","og_url":"https:\/\/peers-old.htc.inf.br\/en\/contact-us\/","article_modified_time":"2025-03-18T22:30:46+00:00","twitter_card":"summary_large_image","schema":{"@context":"https:\/\/schema.org","@graph":[{"@type":"WebPage","@id":"https:\/\/peers-old.htc.inf.br\/en\/contact-us\/","url":"https:\/\/peers-old.htc.inf.br\/en\/contact-us\/","name":"Peers Consulting & Technology - Fale com um Especialista","isPartOf":{"@id":"https:\/\/peers-old.htc.inf.br\/en\/#website"},"datePublished":"2024-03-05T17:36:16+00:00","dateModified":"2025-03-18T22:30:46+00:00","description":"Solu\u00e7\u00f5es personalizadas da consultoria que mais cresce no Brasil em neg\u00f3cios e tecnologia para impulsionar o sucesso da sua empresa.","breadcrumb":{"@id":"https:\/\/peers-old.htc.inf.br\/en\/contact-us\/#breadcrumb"},"inLanguage":"en-US","potentialAction":[{"@type":"ReadAction","target":["https:\/\/peers-old.htc.inf.br\/en\/contact-us\/"]}]},{"@type":"BreadcrumbList","@id":"https:\/\/peers-old.htc.inf.br\/en\/contact-us\/#breadcrumb","itemListElement":[{"@type":"ListItem","position":1,"name":"In\u00edcio","item":"https:\/\/peers-old.htc.inf.br\/en\/"},{"@type":"ListItem","position":2,"name":"Contact us"}]},{"@type":"WebSite","@id":"https:\/\/peers-old.htc.inf.br\/en\/#website","url":"https:\/\/peers-old.htc.inf.br\/en\/","name":"","description":"A experi\u00eancia \u00e9 o que fica","potentialAction":[{"@type":"SearchAction","target":{"@type":"EntryPoint","urlTemplate":"https:\/\/peers-old.htc.inf.br\/en\/?s={search_term_string}"},"query-input":{"@type":"PropertyValueSpecification","valueRequired":true,"valueName":"search_term_string"}}],"inLanguage":"en-US"}]}},"_links":{"self":[{"href":"https:\/\/peers-old.htc.inf.br\/en\/wp-json\/wp\/v2\/pages\/5716","targetHints":{"allow":["GET"]}}],"collection":[{"href":"https:\/\/peers-old.htc.inf.br\/en\/wp-json\/wp\/v2\/pages"}],"about":[{"href":"https:\/\/peers-old.htc.inf.br\/en\/wp-json\/wp\/v2\/types\/page"}],"author":[{"embeddable":true,"href":"https:\/\/peers-old.htc.inf.br\/en\/wp-json\/wp\/v2\/users\/1"}],"replies":[{"embeddable":true,"href":"https:\/\/peers-old.htc.inf.br\/en\/wp-json\/wp\/v2\/comments?post=5716"}],"version-history":[{"count":1,"href":"https:\/\/peers-old.htc.inf.br\/en\/wp-json\/wp\/v2\/pages\/5716\/revisions"}],"predecessor-version":[{"id":5909,"href":"https:\/\/peers-old.htc.inf.br\/en\/wp-json\/wp\/v2\/pages\/5716\/revisions\/5909"}],"wp:attachment":[{"href":"https:\/\/peers-old.htc.inf.br\/en\/wp-json\/wp\/v2\/media?parent=5716"}],"curies":[{"name":"wp","href":"https:\/\/api.w.org\/{rel}","templated":true}]}}